{"id":16465,"date":"2023-11-04T01:55:02","date_gmt":"2023-11-04T00:55:02","guid":{"rendered":"http:\/\/innocentiemangonipiante.it\/melia-azedarach\/"},"modified":"2023-10-06T12:44:25","modified_gmt":"2023-10-06T10:44:25","slug":"melia-azedarach","status":"publish","type":"product","link":"https:\/\/innocentiemangonipiante.it\/es\/melia-azedarach\/","title":{"rendered":"MELIA azedarach"},"content":{"rendered":"<p>\u00c1rbol caduco de crecimiento r\u00e1pido. Las hojas son pinnadas con muchas hojitas ovaladas y el\u00edpticas, finemente dentadas de color verde. A finales de primavera-verano produce flores de color lila, a continuaci\u00f3n frutos amarillos. Suporta bien la can\u00edcula. Teme el hielo (-12\u00b0C).<\/p>\n","protected":false},"excerpt":{"rendered":"<p>\u00c1rbol caduco de crecimiento r\u00e1pido. Las hojas son pinnadas con muchas hojitas ovaladas y el\u00edpticas, finemente dentadas de color verde. A finales de primavera-verano produce flores de color lila, a continuaci\u00f3n frutos amarillos. Suporta bien la can\u00edcula. Teme el hielo (-12\u00b0C).<\/p>\n","protected":false},"featured_media":4089,"template":"","meta":{"_acf_changed":false},"product_brand":[],"product_cat":[8814,9232],"product_tag":[10899,8598,8402],"class_list":{"0":"post-16465","1":"product","2":"type-product","3":"status-publish","4":"has-post-thumbnail","6":"product_cat-arboles-y-arbustos-de-hoja-caduca","7":"product_cat-arboles-y-plantas-del-futuro","8":"product_tag-natural-es","9":"product_tag-multitronco-es-2","10":"product_tag-tallo-alto","11":"pa_altezza-massima-1000-es-2","12":"pa_altezza-massima-15-metros","13":"pa_colore-fioritura-lila-es","14":"pa_condizionamento-clt-es","15":"pa_famiglia-meliaceae-es","16":"pa_genere-melia-es","17":"pa_origine-asia-es","18":"pa_periodo-fioritura-junio","19":"pa_periodo-fioritura-mayo","20":"pa_periodo-fruttificazione-octubre","21":"pa_portamento-arrotondato-es","22":"pa_profumo-delicato-es","23":"pa_resistenza-climatica-plantas-con-baja-resistencia-climatica","24":"pa_resistenza-del-suolo-resistente-a-los-suelos-calcareos","25":"pa_resistenza-del-suolo-resistente-a-los-suelos-secos","26":"pa_salinita-resistente-alla-salsedine-es","27":"pa_utilizzo-parques","29":"first","30":"instock","31":"purchasable","32":"product-type-simple"},"acf":[],"_links":{"self":[{"href":"https:\/\/innocentiemangonipiante.it\/es\/wp-json\/wp\/v2\/product\/16465","targetHints":{"allow":["GET"]}}],"collection":[{"href":"https:\/\/innocentiemangonipiante.it\/es\/wp-json\/wp\/v2\/product"}],"about":[{"href":"https:\/\/innocentiemangonipiante.it\/es\/wp-json\/wp\/v2\/types\/product"}],"wp:featuredmedia":[{"embeddable":true,"href":"https:\/\/innocentiemangonipiante.it\/es\/wp-json\/wp\/v2\/media\/4089"}],"wp:attachment":[{"href":"https:\/\/innocentiemangonipiante.it\/es\/wp-json\/wp\/v2\/media?parent=16465"}],"wp:term":[{"taxonomy":"product_brand","embeddable":true,"href":"https:\/\/innocentiemangonipiante.it\/es\/wp-json\/wp\/v2\/product_brand?post=16465"},{"taxonomy":"product_cat","embeddable":true,"href":"https:\/\/innocentiemangonipiante.it\/es\/wp-json\/wp\/v2\/product_cat?post=16465"},{"taxonomy":"product_tag","embeddable":true,"href":"https:\/\/innocentiemangonipiante.it\/es\/wp-json\/wp\/v2\/product_tag?post=16465"}],"curies":[{"name":"wp","href":"https:\/\/api.w.org\/{rel}","templated":true}]}}