{"id":16466,"date":"2023-11-04T01:55:22","date_gmt":"2023-11-04T00:55:22","guid":{"rendered":"http:\/\/innocentiemangonipiante.it\/metasequoia-glyptostroboides\/"},"modified":"2023-10-06T12:44:29","modified_gmt":"2023-10-06T10:44:29","slug":"metasequoia-glyptostroboides","status":"publish","type":"product","link":"https:\/\/innocentiemangonipiante.it\/es\/metasequoia-glyptostroboides\/","title":{"rendered":"METASEQUOIA glyptostroboides"},"content":{"rendered":"<p>Con\u00edfera con follaje caduco de crecimiento r\u00e1pido y forma c\u00f3nica. Las hojas son blandas, de color verde-bronce en oto\u00f1o. La corteza es de color marr\u00f3n-naranja. Produce conos femeninos ovoides y conos masculinos esf\u00e9ricos p\u00e9ndulos de color marr\u00f3n.<\/p>\n","protected":false},"excerpt":{"rendered":"<p>Con\u00edfera con follaje caduco de crecimiento r\u00e1pido y forma c\u00f3nica. Las hojas son blandas, de color verde-bronce en oto\u00f1o. La corteza es de color marr\u00f3n-naranja. Produce conos femeninos ovoides y conos masculinos esf\u00e9ricos p\u00e9ndulos de color marr\u00f3n.<\/p>\n","protected":false},"featured_media":4095,"template":"","meta":{"_acf_changed":false},"product_brand":[],"product_cat":[8826,9232],"product_tag":[10899,8402],"class_list":{"0":"post-16466","1":"product","2":"type-product","3":"status-publish","4":"has-post-thumbnail","6":"product_cat-coniferas","7":"product_cat-arboles-y-plantas-del-futuro","8":"product_tag-natural-es","9":"product_tag-tallo-alto","10":"pa_altezza-massima-25-metros","11":"pa_altezza-massima-35-metros","12":"pa_condizionamento-clt-es","13":"pa_condizionamento-placa","14":"pa_famiglia-taxodiaceae-es","15":"pa_genere-metasequoia-es","16":"pa_inquinamento-resistente-al-smog","17":"pa_origine-asia-oriental","18":"pa_portamento-piramidale-es","19":"pa_resistenza-climatica-muy-elevada","20":"pa_resistenza-del-suolo-resistente-a-los-suelos-calcareos","21":"pa_utilizzo-parques","23":"first","24":"instock","25":"purchasable","26":"product-type-simple"},"acf":[],"_links":{"self":[{"href":"https:\/\/innocentiemangonipiante.it\/es\/wp-json\/wp\/v2\/product\/16466","targetHints":{"allow":["GET"]}}],"collection":[{"href":"https:\/\/innocentiemangonipiante.it\/es\/wp-json\/wp\/v2\/product"}],"about":[{"href":"https:\/\/innocentiemangonipiante.it\/es\/wp-json\/wp\/v2\/types\/product"}],"wp:featuredmedia":[{"embeddable":true,"href":"https:\/\/innocentiemangonipiante.it\/es\/wp-json\/wp\/v2\/media\/4095"}],"wp:attachment":[{"href":"https:\/\/innocentiemangonipiante.it\/es\/wp-json\/wp\/v2\/media?parent=16466"}],"wp:term":[{"taxonomy":"product_brand","embeddable":true,"href":"https:\/\/innocentiemangonipiante.it\/es\/wp-json\/wp\/v2\/product_brand?post=16466"},{"taxonomy":"product_cat","embeddable":true,"href":"https:\/\/innocentiemangonipiante.it\/es\/wp-json\/wp\/v2\/product_cat?post=16466"},{"taxonomy":"product_tag","embeddable":true,"href":"https:\/\/innocentiemangonipiante.it\/es\/wp-json\/wp\/v2\/product_tag?post=16466"}],"curies":[{"name":"wp","href":"https:\/\/api.w.org\/{rel}","templated":true}]}}