{"id":16472,"date":"2023-11-04T01:58:12","date_gmt":"2023-11-04T00:58:12","guid":{"rendered":"http:\/\/innocentiemangonipiante.it\/morus-nigra\/"},"modified":"2023-10-06T12:45:18","modified_gmt":"2023-10-06T10:45:18","slug":"morus-nigra","status":"publish","type":"product","link":"https:\/\/innocentiemangonipiante.it\/es\/morus-nigra\/","title":{"rendered":"MORUS nigra"},"content":{"rendered":"<p>\u00c1rbol caduco con hojas avaladas, dentadas, de color verde, \u00e1speras en el env\u00e9s. En verano produce frutos verdes que, a la madurez, cambian en un color rojo p\u00farpura.<\/p>\n","protected":false},"excerpt":{"rendered":"<p>\u00c1rbol caduco con hojas avaladas, dentadas, de color verde, \u00e1speras en el env\u00e9s. En verano produce frutos verdes que, a la madurez, cambian en un color rojo p\u00farpura.<\/p>\n","protected":false},"featured_media":4127,"template":"","meta":{"_acf_changed":false},"product_brand":[],"product_cat":[8814],"product_tag":[10899,8402],"class_list":{"0":"post-16472","1":"product","2":"type-product","3":"status-publish","4":"has-post-thumbnail","6":"product_cat-arboles-y-arbustos-de-hoja-caduca","7":"product_tag-natural-es","8":"product_tag-tallo-alto","9":"pa_altezza-massima-800-es","10":"pa_altezza-massima-12-metros","11":"pa_colore-fioritura-amarillo","12":"pa_condizionamento-clt-es","13":"pa_condizionamento-placa","14":"pa_famiglia-moraceae-es","15":"pa_genere-morus-es","16":"pa_inquinamento-resistente-al-smog","17":"pa_origine-oriente-medio","18":"pa_periodo-fioritura-abril","19":"pa_periodo-fruttificazione-agosto-es","20":"pa_periodo-fruttificazione-julio","21":"pa_portamento-arrotondato-es","22":"pa_resistenza-climatica-muy-elevada","23":"pa_resistenza-del-suolo-resistente-a-los-suelos-calcareos","24":"pa_resistenza-del-suolo-resistente-a-los-suelos-secos","25":"pa_salinita-resistente-alla-salsedine-es","26":"pa_utilizzo-parques","28":"first","29":"instock","30":"purchasable","31":"product-type-simple"},"acf":[],"_links":{"self":[{"href":"https:\/\/innocentiemangonipiante.it\/es\/wp-json\/wp\/v2\/product\/16472","targetHints":{"allow":["GET"]}}],"collection":[{"href":"https:\/\/innocentiemangonipiante.it\/es\/wp-json\/wp\/v2\/product"}],"about":[{"href":"https:\/\/innocentiemangonipiante.it\/es\/wp-json\/wp\/v2\/types\/product"}],"wp:featuredmedia":[{"embeddable":true,"href":"https:\/\/innocentiemangonipiante.it\/es\/wp-json\/wp\/v2\/media\/4127"}],"wp:attachment":[{"href":"https:\/\/innocentiemangonipiante.it\/es\/wp-json\/wp\/v2\/media?parent=16472"}],"wp:term":[{"taxonomy":"product_brand","embeddable":true,"href":"https:\/\/innocentiemangonipiante.it\/es\/wp-json\/wp\/v2\/product_brand?post=16472"},{"taxonomy":"product_cat","embeddable":true,"href":"https:\/\/innocentiemangonipiante.it\/es\/wp-json\/wp\/v2\/product_cat?post=16472"},{"taxonomy":"product_tag","embeddable":true,"href":"https:\/\/innocentiemangonipiante.it\/es\/wp-json\/wp\/v2\/product_tag?post=16472"}],"curies":[{"name":"wp","href":"https:\/\/api.w.org\/{rel}","templated":true}]}}