{"id":16473,"date":"2023-11-04T01:58:05","date_gmt":"2023-11-04T00:58:05","guid":{"rendered":"http:\/\/innocentiemangonipiante.it\/morus-alba-pendula\/"},"modified":"2023-10-06T12:45:17","modified_gmt":"2023-10-06T10:45:17","slug":"morus-alba-pendula","status":"publish","type":"product","link":"https:\/\/innocentiemangonipiante.it\/es\/morus-alba-pendula\/","title":{"rendered":"MORUS alba &#8216;Pendula&#8217;"},"content":{"rendered":"<p>\u00c1rbol colgante caduco, desde el punto de injerto produce renuevos colgantes que r\u00e1pidamente llegan al suelo las hojas son ovadas, de color verde que vuelven a amarillo en oto\u00f1o. A finales de primavera-verano produce fructos blancos ins\u00edpidos que se hacen rosa-rojos cuando maduran.<\/p>\n","protected":false},"excerpt":{"rendered":"<p>\u00c1rbol colgante caduco, desde el punto de injerto produce renuevos colgantes que r\u00e1pidamente llegan al suelo las hojas son ovadas, de color verde que vuelven a amarillo en oto\u00f1o. A finales de primavera-verano produce fructos blancos ins\u00edpidos que se hacen rosa-rojos cuando maduran.<\/p>\n","protected":false},"featured_media":4116,"template":"","meta":{"_acf_changed":false},"product_brand":[],"product_cat":[8814],"product_tag":[10899,8566,8402],"class_list":{"0":"post-16473","1":"product","2":"type-product","3":"status-publish","4":"has-post-thumbnail","6":"product_cat-arboles-y-arbustos-de-hoja-caduca","7":"product_tag-natural-es","8":"product_tag-medio-tallo","9":"product_tag-tallo-alto","10":"pa_altezza-massima-300-es","11":"pa_altezza-massima-500-es","12":"pa_colore-fioritura-amarillo","13":"pa_condizionamento-clt-es","14":"pa_condizionamento-placa","15":"pa_famiglia-moraceae-es","16":"pa_genere-morus-es","17":"pa_inquinamento-resistente-al-smog","18":"pa_origine-italia-es","19":"pa_periodo-fioritura-abril","20":"pa_periodo-fruttificazione-junio","21":"pa_periodo-fruttificazione-mayo","22":"pa_portamento-piangente-es","23":"pa_resistenza-climatica-muy-elevada","24":"pa_resistenza-del-suolo-resistente-a-los-suelos-calcareos","25":"pa_resistenza-del-suolo-resistente-a-los-suelos-secos","26":"pa_salinita-resistente-alla-salsedine-es","27":"pa_utilizzo-parques","28":"pa_utilizzo-pequenos-jardines","30":"first","31":"instock","32":"purchasable","33":"product-type-simple"},"acf":[],"_links":{"self":[{"href":"https:\/\/innocentiemangonipiante.it\/es\/wp-json\/wp\/v2\/product\/16473","targetHints":{"allow":["GET"]}}],"collection":[{"href":"https:\/\/innocentiemangonipiante.it\/es\/wp-json\/wp\/v2\/product"}],"about":[{"href":"https:\/\/innocentiemangonipiante.it\/es\/wp-json\/wp\/v2\/types\/product"}],"wp:featuredmedia":[{"embeddable":true,"href":"https:\/\/innocentiemangonipiante.it\/es\/wp-json\/wp\/v2\/media\/4116"}],"wp:attachment":[{"href":"https:\/\/innocentiemangonipiante.it\/es\/wp-json\/wp\/v2\/media?parent=16473"}],"wp:term":[{"taxonomy":"product_brand","embeddable":true,"href":"https:\/\/innocentiemangonipiante.it\/es\/wp-json\/wp\/v2\/product_brand?post=16473"},{"taxonomy":"product_cat","embeddable":true,"href":"https:\/\/innocentiemangonipiante.it\/es\/wp-json\/wp\/v2\/product_cat?post=16473"},{"taxonomy":"product_tag","embeddable":true,"href":"https:\/\/innocentiemangonipiante.it\/es\/wp-json\/wp\/v2\/product_tag?post=16473"}],"curies":[{"name":"wp","href":"https:\/\/api.w.org\/{rel}","templated":true}]}}