{"id":16479,"date":"2023-11-04T01:59:48","date_gmt":"2023-11-04T00:59:48","guid":{"rendered":"http:\/\/innocentiemangonipiante.it\/myrtus-communis-tarentina\/"},"modified":"2023-10-06T12:45:35","modified_gmt":"2023-10-06T10:45:35","slug":"myrtus-communis-tarentina","status":"publish","type":"product","link":"https:\/\/innocentiemangonipiante.it\/es\/myrtus-communis-tarentina\/","title":{"rendered":"MYRTUS communis &#8216;Tarentina&#8217;"},"content":{"rendered":"<p>Selecci\u00f3n de porte m\u00e1s compacta y redondeada con hojas el\u00edpticas con 1-2 cm de longitud. Produce flores color crema esfumadas de rosa, luego bayas color verde claro-crema.<\/p>\n","protected":false},"excerpt":{"rendered":"<p>Selecci\u00f3n de porte m\u00e1s compacta y redondeada con hojas el\u00edpticas con 1-2 cm de longitud. Produce flores color crema esfumadas de rosa, luego bayas color verde claro-crema.<\/p>\n","protected":false},"featured_media":4164,"template":"","meta":{"_acf_changed":false},"product_brand":[],"product_cat":[8815,9232],"product_tag":[10899],"class_list":{"0":"post-16479","1":"product","2":"type-product","3":"status-publish","4":"has-post-thumbnail","6":"product_cat-arboles-y-arbustos-persistentes","7":"product_cat-arboles-y-plantas-del-futuro","8":"product_tag-natural-es","9":"pa_altezza-massima-300-es","10":"pa_altezza-massima-500-es","11":"pa_colore-fioritura-blanco","12":"pa_condizionamento-clt-es","13":"pa_condizionamento-vs-es","14":"pa_famiglia-myrtaceae-es","15":"pa_genere-myrtus-es","16":"pa_origine-europa-mediterranea","17":"pa_periodo-fioritura-julio","18":"pa_periodo-fioritura-junio","19":"pa_periodo-fioritura-mayo","20":"pa_periodo-fruttificazione-diciembre","21":"pa_periodo-fruttificazione-enero","22":"pa_periodo-fruttificazione-noviembre","23":"pa_portamento-cespuglioso-es","24":"pa_resistenza-climatica-muy-elevada","25":"pa_resistenza-del-suolo-resistente-a-los-suelos-calcareos","26":"pa_resistenza-del-suolo-resistente-a-los-suelos-secos","27":"pa_salinita-resistente-alla-salsedine-es","28":"pa_utilizzo-parques","29":"pa_utilizzo-pequenos-jardines","30":"pa_utilizzo-setos","32":"first","33":"instock","34":"purchasable","35":"product-type-simple"},"acf":[],"_links":{"self":[{"href":"https:\/\/innocentiemangonipiante.it\/es\/wp-json\/wp\/v2\/product\/16479","targetHints":{"allow":["GET"]}}],"collection":[{"href":"https:\/\/innocentiemangonipiante.it\/es\/wp-json\/wp\/v2\/product"}],"about":[{"href":"https:\/\/innocentiemangonipiante.it\/es\/wp-json\/wp\/v2\/types\/product"}],"wp:featuredmedia":[{"embeddable":true,"href":"https:\/\/innocentiemangonipiante.it\/es\/wp-json\/wp\/v2\/media\/4164"}],"wp:attachment":[{"href":"https:\/\/innocentiemangonipiante.it\/es\/wp-json\/wp\/v2\/media?parent=16479"}],"wp:term":[{"taxonomy":"product_brand","embeddable":true,"href":"https:\/\/innocentiemangonipiante.it\/es\/wp-json\/wp\/v2\/product_brand?post=16479"},{"taxonomy":"product_cat","embeddable":true,"href":"https:\/\/innocentiemangonipiante.it\/es\/wp-json\/wp\/v2\/product_cat?post=16479"},{"taxonomy":"product_tag","embeddable":true,"href":"https:\/\/innocentiemangonipiante.it\/es\/wp-json\/wp\/v2\/product_tag?post=16479"}],"curies":[{"name":"wp","href":"https:\/\/api.w.org\/{rel}","templated":true}]}}