{"id":16482,"date":"2023-11-04T02:01:07","date_gmt":"2023-11-04T01:01:07","guid":{"rendered":"http:\/\/innocentiemangonipiante.it\/nandina-domestica-obsessed\/"},"modified":"2023-10-06T12:45:47","modified_gmt":"2023-10-06T10:45:47","slug":"nandina-domestica-obsessed","status":"publish","type":"product","link":"https:\/\/innocentiemangonipiante.it\/es\/nandina-domestica-obsessed\/","title":{"rendered":"NANDINA domestica &#8216;Obsessed&#8217; \u00ae"},"content":{"rendered":"<p>Bell\u00edsima selecci\u00f3n de nandina dom\u00e9stica de crecimiento lento y porte compacto, atractiva todo el a\u00f1o gracias a sus hojas de colores especialmente intensos y a sus abundantes flores y frutos invernales.<\/p>\n","protected":false},"excerpt":{"rendered":"<p>Bell\u00edsima selecci\u00f3n de nandina dom\u00e9stica de crecimiento lento y porte compacto, atractiva todo el a\u00f1o gracias a sus hojas de colores especialmente intensos y a sus abundantes flores y frutos invernales.<\/p>\n","protected":false},"featured_media":4196,"template":"","meta":{"_acf_changed":false},"product_brand":[],"product_cat":[8815],"product_tag":[10899,8494,8500],"class_list":{"0":"post-16482","1":"product","2":"type-product","3":"status-publish","4":"has-post-thumbnail","6":"product_cat-arboles-y-arbustos-persistentes","7":"product_tag-natural-es","8":"product_tag-jardinera","9":"product_tag-multitronco-con-copa-sombrilla","10":"pa_altezza-massima-200-es","11":"pa_altezza-massima-300-es","12":"pa_colore-fioritura-blanco","13":"pa_condizionamento-clt-es","14":"pa_condizionamento-vs-es","15":"pa_famiglia-berberidaceae-es","16":"pa_genere-nandina-es","17":"pa_origine-origine-delle-piante-u-s-a-es","18":"pa_periodo-fioritura-agosto-es","19":"pa_periodo-fioritura-julio","20":"pa_periodo-fruttificazione-noviembre","21":"pa_portamento-arrotondato-es","22":"pa_resistenza-climatica-media-elevada","23":"pa_utilizzo-parques","24":"pa_utilizzo-pequenos-jardines","25":"pa_utilizzo-setos","27":"first","28":"instock","29":"purchasable","30":"product-type-simple"},"acf":[],"_links":{"self":[{"href":"https:\/\/innocentiemangonipiante.it\/es\/wp-json\/wp\/v2\/product\/16482","targetHints":{"allow":["GET"]}}],"collection":[{"href":"https:\/\/innocentiemangonipiante.it\/es\/wp-json\/wp\/v2\/product"}],"about":[{"href":"https:\/\/innocentiemangonipiante.it\/es\/wp-json\/wp\/v2\/types\/product"}],"wp:featuredmedia":[{"embeddable":true,"href":"https:\/\/innocentiemangonipiante.it\/es\/wp-json\/wp\/v2\/media\/4196"}],"wp:attachment":[{"href":"https:\/\/innocentiemangonipiante.it\/es\/wp-json\/wp\/v2\/media?parent=16482"}],"wp:term":[{"taxonomy":"product_brand","embeddable":true,"href":"https:\/\/innocentiemangonipiante.it\/es\/wp-json\/wp\/v2\/product_brand?post=16482"},{"taxonomy":"product_cat","embeddable":true,"href":"https:\/\/innocentiemangonipiante.it\/es\/wp-json\/wp\/v2\/product_cat?post=16482"},{"taxonomy":"product_tag","embeddable":true,"href":"https:\/\/innocentiemangonipiante.it\/es\/wp-json\/wp\/v2\/product_tag?post=16482"}],"curies":[{"name":"wp","href":"https:\/\/api.w.org\/{rel}","templated":true}]}}