{"id":16486,"date":"2023-11-04T02:00:01","date_gmt":"2023-11-04T01:00:01","guid":{"rendered":"http:\/\/innocentiemangonipiante.it\/nandina-domestica-aka-blush-pink\/"},"modified":"2023-10-06T12:45:38","modified_gmt":"2023-10-06T10:45:38","slug":"nandina-domestica-aka-blush-pink","status":"publish","type":"product","link":"https:\/\/innocentiemangonipiante.it\/es\/nandina-domestica-aka-blush-pink\/","title":{"rendered":"NANDINA domestica &#8216;Aka Blush Pink&#8217; \u00ae"},"content":{"rendered":"<p>Mejor de Nandina domestica &#8216;Fire Power&#8217; de color m\u00e1s intenso y con color oto\u00f1al que permanece casi todo el a\u00f1o.<\/p>\n","protected":false},"excerpt":{"rendered":"<p>Mejor de Nandina domestica &#8216;Fire Power&#8217; de color m\u00e1s intenso y con color oto\u00f1al que permanece casi todo el a\u00f1o.<\/p>\n","protected":false},"featured_media":4172,"template":"","meta":{"_acf_changed":false},"product_brand":[],"product_cat":[8815],"product_tag":[10899],"class_list":{"0":"post-16486","1":"product","2":"type-product","3":"status-publish","4":"has-post-thumbnail","6":"product_cat-arboles-y-arbustos-persistentes","7":"product_tag-natural-es","8":"pa_altezza-massima-100-es","9":"pa_altezza-massima-150-es","10":"pa_colore-delle-foglie-rojas","11":"pa_colore-fioritura-blanco","12":"pa_condizionamento-clt-es","13":"pa_condizionamento-vs-es","14":"pa_famiglia-berberidaceae-es","15":"pa_genere-nandina-es","16":"pa_origine-origine-delle-piante-u-s-a-es","17":"pa_periodo-fioritura-agosto-es","18":"pa_periodo-fioritura-julio","19":"pa_portamento-eretto-es","20":"pa_resistenza-climatica-media-elevada","21":"pa_utilizzo-balcones","22":"pa_utilizzo-parques","23":"pa_utilizzo-pequenos-jardines","24":"pa_utilizzo-setos","26":"first","27":"instock","28":"purchasable","29":"product-type-simple"},"acf":[],"_links":{"self":[{"href":"https:\/\/innocentiemangonipiante.it\/es\/wp-json\/wp\/v2\/product\/16486","targetHints":{"allow":["GET"]}}],"collection":[{"href":"https:\/\/innocentiemangonipiante.it\/es\/wp-json\/wp\/v2\/product"}],"about":[{"href":"https:\/\/innocentiemangonipiante.it\/es\/wp-json\/wp\/v2\/types\/product"}],"wp:featuredmedia":[{"embeddable":true,"href":"https:\/\/innocentiemangonipiante.it\/es\/wp-json\/wp\/v2\/media\/4172"}],"wp:attachment":[{"href":"https:\/\/innocentiemangonipiante.it\/es\/wp-json\/wp\/v2\/media?parent=16486"}],"wp:term":[{"taxonomy":"product_brand","embeddable":true,"href":"https:\/\/innocentiemangonipiante.it\/es\/wp-json\/wp\/v2\/product_brand?post=16486"},{"taxonomy":"product_cat","embeddable":true,"href":"https:\/\/innocentiemangonipiante.it\/es\/wp-json\/wp\/v2\/product_cat?post=16486"},{"taxonomy":"product_tag","embeddable":true,"href":"https:\/\/innocentiemangonipiante.it\/es\/wp-json\/wp\/v2\/product_tag?post=16486"}],"curies":[{"name":"wp","href":"https:\/\/api.w.org\/{rel}","templated":true}]}}