{"id":16489,"date":"2023-11-04T02:02:53","date_gmt":"2023-11-04T01:02:53","guid":{"rendered":"http:\/\/innocentiemangonipiante.it\/nyssa-sylvatica-sheffield-park\/"},"modified":"2023-10-06T12:46:25","modified_gmt":"2023-10-06T10:46:25","slug":"nyssa-sylvatica-sheffield-park","status":"publish","type":"product","link":"https:\/\/innocentiemangonipiante.it\/es\/nyssa-sylvatica-sheffield-park\/","title":{"rendered":"NYSSA sylvatica &#8216;Sheffield Park&#8217;"},"content":{"rendered":"<p>Erecto. Coloraci\u00f3n oto\u00f1al m\u00e1s intensa que N. sylv\u00e1tica, soporta terrenos h\u00famedos.<\/p>\n","protected":false},"excerpt":{"rendered":"<p>Erecto. Coloraci\u00f3n oto\u00f1al m\u00e1s intensa que N. sylv\u00e1tica, soporta terrenos h\u00famedos.<\/p>\n","protected":false},"featured_media":23465,"template":"","meta":{"_acf_changed":false},"product_brand":[],"product_cat":[8814],"product_tag":[10899],"class_list":{"0":"post-16489","1":"product","2":"type-product","3":"status-publish","4":"has-post-thumbnail","6":"product_cat-arboles-y-arbustos-de-hoja-caduca","7":"product_tag-natural-es","8":"pa_altezza-massima-1000-es-2","9":"pa_altezza-massima-15-metros","10":"pa_condizionamento-placa","11":"pa_famiglia-nyssaceae-es","12":"pa_genere-nyssa-es","13":"pa_inquinamento-resistente-al-smog","14":"pa_origine-inglaterra","15":"pa_portamento-conico-es","16":"pa_resistenza-climatica-muy-elevada","17":"pa_salinita-resistente-alla-salsedine-es","18":"pa_utilizzo-parques","20":"first","21":"instock","22":"purchasable","23":"product-type-simple"},"acf":[],"_links":{"self":[{"href":"https:\/\/innocentiemangonipiante.it\/es\/wp-json\/wp\/v2\/product\/16489","targetHints":{"allow":["GET"]}}],"collection":[{"href":"https:\/\/innocentiemangonipiante.it\/es\/wp-json\/wp\/v2\/product"}],"about":[{"href":"https:\/\/innocentiemangonipiante.it\/es\/wp-json\/wp\/v2\/types\/product"}],"wp:featuredmedia":[{"embeddable":true,"href":"https:\/\/innocentiemangonipiante.it\/es\/wp-json\/wp\/v2\/media\/23465"}],"wp:attachment":[{"href":"https:\/\/innocentiemangonipiante.it\/es\/wp-json\/wp\/v2\/media?parent=16489"}],"wp:term":[{"taxonomy":"product_brand","embeddable":true,"href":"https:\/\/innocentiemangonipiante.it\/es\/wp-json\/wp\/v2\/product_brand?post=16489"},{"taxonomy":"product_cat","embeddable":true,"href":"https:\/\/innocentiemangonipiante.it\/es\/wp-json\/wp\/v2\/product_cat?post=16489"},{"taxonomy":"product_tag","embeddable":true,"href":"https:\/\/innocentiemangonipiante.it\/es\/wp-json\/wp\/v2\/product_tag?post=16489"}],"curies":[{"name":"wp","href":"https:\/\/api.w.org\/{rel}","templated":true}]}}