{"id":16490,"date":"2023-11-04T02:02:47","date_gmt":"2023-11-04T01:02:47","guid":{"rendered":"http:\/\/innocentiemangonipiante.it\/nyssa-sylvatica\/"},"modified":"2023-10-06T12:46:24","modified_gmt":"2023-10-06T10:46:24","slug":"nyssa-sylvatica","status":"publish","type":"product","link":"https:\/\/innocentiemangonipiante.it\/es\/nyssa-sylvatica\/","title":{"rendered":"NYSSA sylvatica"},"content":{"rendered":"<p>\u00c1rbol caduco de forma c\u00f3nica, con hojas verdes de ovadas a obovadas en oto\u00f1o, que vuelven de amarillo a naranja-rojo.<\/p>\n","protected":false},"excerpt":{"rendered":"<p>\u00c1rbol caduco de forma c\u00f3nica, con hojas verdes de ovadas a obovadas en oto\u00f1o, que vuelven de amarillo a naranja-rojo.<\/p>\n","protected":false},"featured_media":4209,"template":"","meta":{"_acf_changed":false},"product_brand":[],"product_cat":[8814],"product_tag":[10899,8402],"class_list":{"0":"post-16490","1":"product","2":"type-product","3":"status-publish","4":"has-post-thumbnail","6":"product_cat-arboles-y-arbustos-de-hoja-caduca","7":"product_tag-natural-es","8":"product_tag-tallo-alto","9":"pa_altezza-massima-15-metros","10":"pa_altezza-massima-20-metros","11":"pa_condizionamento-clt-es","12":"pa_condizionamento-placa","13":"pa_famiglia-nyssaceae-es","14":"pa_genere-nyssa-es","15":"pa_inquinamento-resistente-al-smog","16":"pa_origine-origine-delle-piante-u-s-a-es","17":"pa_portamento-piramidale-es","18":"pa_resistenza-climatica-muy-elevada","19":"pa_salinita-resistente-alla-salsedine-es","20":"pa_utilizzo-parques","22":"first","23":"instock","24":"purchasable","25":"product-type-simple"},"acf":[],"_links":{"self":[{"href":"https:\/\/innocentiemangonipiante.it\/es\/wp-json\/wp\/v2\/product\/16490","targetHints":{"allow":["GET"]}}],"collection":[{"href":"https:\/\/innocentiemangonipiante.it\/es\/wp-json\/wp\/v2\/product"}],"about":[{"href":"https:\/\/innocentiemangonipiante.it\/es\/wp-json\/wp\/v2\/types\/product"}],"wp:featuredmedia":[{"embeddable":true,"href":"https:\/\/innocentiemangonipiante.it\/es\/wp-json\/wp\/v2\/media\/4209"}],"wp:attachment":[{"href":"https:\/\/innocentiemangonipiante.it\/es\/wp-json\/wp\/v2\/media?parent=16490"}],"wp:term":[{"taxonomy":"product_brand","embeddable":true,"href":"https:\/\/innocentiemangonipiante.it\/es\/wp-json\/wp\/v2\/product_brand?post=16490"},{"taxonomy":"product_cat","embeddable":true,"href":"https:\/\/innocentiemangonipiante.it\/es\/wp-json\/wp\/v2\/product_cat?post=16490"},{"taxonomy":"product_tag","embeddable":true,"href":"https:\/\/innocentiemangonipiante.it\/es\/wp-json\/wp\/v2\/product_tag?post=16490"}],"curies":[{"name":"wp","href":"https:\/\/api.w.org\/{rel}","templated":true}]}}