{"id":16493,"date":"2023-11-04T02:02:58","date_gmt":"2023-11-04T01:02:58","guid":{"rendered":"http:\/\/innocentiemangonipiante.it\/olea-europaea\/"},"modified":"2023-10-06T12:46:26","modified_gmt":"2023-10-06T10:46:26","slug":"olea-europaea","status":"publish","type":"product","link":"https:\/\/innocentiemangonipiante.it\/es\/olea-europaea\/","title":{"rendered":"OLEA europaea"},"content":{"rendered":"<p>\u00c1rbol perennifolio de crecimiento lento con hojas finamente lanceoladas, de color verde gris y plateado el env\u00e9s. En verano produce flores blancas, en panojas, perfumadas, a continuaci\u00f3n frutos ovoides, de verdes a p\u00farpuras, m\u00e1s o menos grandes seg\u00fan la variedad, buenos para la producci\u00f3n de aceite. Planta muy decorativa y longeva.<\/p>\n","protected":false},"excerpt":{"rendered":"<p>\u00c1rbol perennifolio de crecimiento lento con hojas finamente lanceoladas, de color verde gris y plateado el env\u00e9s. En verano produce flores blancas, en panojas, perfumadas, a continuaci\u00f3n frutos ovoides, de verdes a p\u00farpuras, m\u00e1s o menos grandes seg\u00fan la variedad, buenos para la producci\u00f3n de aceite. Planta muy decorativa y longeva.<\/p>\n","protected":false},"featured_media":4220,"template":"","meta":{"_acf_changed":false},"product_brand":[],"product_cat":[8815,9232],"product_tag":[10899,10958,8706,6253,8737,8545,8582,8758,8566,8574,8500,8718,8402,8790],"class_list":{"0":"post-16493","1":"product","2":"type-product","3":"status-publish","4":"has-post-thumbnail","6":"product_cat-arboles-y-arbustos-persistentes","7":"product_cat-arboles-y-plantas-del-futuro","8":"product_tag-natural-es","9":"product_tag-3-bolas-superpuestas","10":"product_tag-bola","11":"product_tag-bonsai-es","12":"product_tag-cuarto-de-tallo","13":"product_tag-ejemplar","14":"product_tag-espaldera-de-medio-tallo","15":"product_tag-espiral","16":"product_tag-medio-tallo","17":"product_tag-medio-tallo-esfera","18":"product_tag-multitronco-con-copa-sombrilla","19":"product_tag-pompons-es","20":"product_tag-tallo-alto","21":"product_tag-troncos-viejos","22":"pa_altezza-massima-800-es","23":"pa_altezza-massima-1000-es-2","24":"pa_colore-delle-foglie-grises-es","25":"pa_colore-fioritura-blanco","26":"pa_condizionamento-bol","27":"pa_condizionamento-caja-de-madera","28":"pa_condizionamento-clt-es","29":"pa_condizionamento-jarron-decorativo","30":"pa_condizionamento-placa","31":"pa_condizionamento-plant-plast-es","32":"pa_famiglia-oleaceae-es","33":"pa_genere-olea-es","34":"pa_origine-europa-mediterranea","35":"pa_periodo-fioritura-mayo","36":"pa_periodo-fruttificazione-octubre","37":"pa_portamento-arrotondato-es","38":"pa_profumo-delicato-es","39":"pa_resistenza-climatica-media","40":"pa_resistenza-del-suolo-resistente-a-los-suelos-secos","41":"pa_utilizzo-parques","42":"pa_utilizzo-pequenos-jardines","44":"first","45":"instock","46":"purchasable","47":"product-type-simple"},"acf":[],"_links":{"self":[{"href":"https:\/\/innocentiemangonipiante.it\/es\/wp-json\/wp\/v2\/product\/16493","targetHints":{"allow":["GET"]}}],"collection":[{"href":"https:\/\/innocentiemangonipiante.it\/es\/wp-json\/wp\/v2\/product"}],"about":[{"href":"https:\/\/innocentiemangonipiante.it\/es\/wp-json\/wp\/v2\/types\/product"}],"wp:featuredmedia":[{"embeddable":true,"href":"https:\/\/innocentiemangonipiante.it\/es\/wp-json\/wp\/v2\/media\/4220"}],"wp:attachment":[{"href":"https:\/\/innocentiemangonipiante.it\/es\/wp-json\/wp\/v2\/media?parent=16493"}],"wp:term":[{"taxonomy":"product_brand","embeddable":true,"href":"https:\/\/innocentiemangonipiante.it\/es\/wp-json\/wp\/v2\/product_brand?post=16493"},{"taxonomy":"product_cat","embeddable":true,"href":"https:\/\/innocentiemangonipiante.it\/es\/wp-json\/wp\/v2\/product_cat?post=16493"},{"taxonomy":"product_tag","embeddable":true,"href":"https:\/\/innocentiemangonipiante.it\/es\/wp-json\/wp\/v2\/product_tag?post=16493"}],"curies":[{"name":"wp","href":"https:\/\/api.w.org\/{rel}","templated":true}]}}