{"id":16494,"date":"2023-11-04T02:05:22","date_gmt":"2023-11-04T01:05:22","guid":{"rendered":"http:\/\/innocentiemangonipiante.it\/osmanthus-heterophyllus-variegatus\/"},"modified":"2023-10-06T12:46:50","modified_gmt":"2023-10-06T10:46:50","slug":"osmanthus-heterophyllus-variegatus","status":"publish","type":"product","link":"https:\/\/innocentiemangonipiante.it\/es\/osmanthus-heterophyllus-variegatus\/","title":{"rendered":"OSMANTHUS heterophyllus &#8216;Variegatus&#8217;"},"content":{"rendered":"<p>Arbusto perennifolio con hojas te\u00f1idas de verde y crema, parecidas a las del Ilex Aquifolium, de ovales a el\u00edpticas, muy dentadas y cori\u00e1ceas. El porte es enano.<\/p>\n","protected":false},"excerpt":{"rendered":"<p>Arbusto perennifolio con hojas te\u00f1idas de verde y crema, parecidas a las del Ilex Aquifolium, de ovales a el\u00edpticas, muy dentadas y cori\u00e1ceas. El porte es enano.<\/p>\n","protected":false},"featured_media":4248,"template":"","meta":{"_acf_changed":false},"product_brand":[],"product_cat":[8815],"product_tag":[10899,8706],"class_list":{"0":"post-16494","1":"product","2":"type-product","3":"status-publish","4":"has-post-thumbnail","6":"product_cat-arboles-y-arbustos-persistentes","7":"product_tag-natural-es","8":"product_tag-bola","9":"pa_altezza-massima-150-es","10":"pa_altezza-massima-200-es","11":"pa_colore-delle-foglie-variegadas","12":"pa_colore-fioritura-blanco","13":"pa_condizionamento-clt-es","14":"pa_condizionamento-vs-es","15":"pa_famiglia-oleaceae-es","16":"pa_genere-osmanthus-es","17":"pa_inquinamento-resistente-al-smog","18":"pa_origine-asia-oriental","19":"pa_periodo-fioritura-octubre","20":"pa_periodo-fioritura-septiembre","21":"pa_portamento-arrotondato-es","22":"pa_profumo-intenso-es","23":"pa_resistenza-climatica-media-elevada","24":"pa_resistenza-del-suolo-resistente-a-los-suelos-calcareos","25":"pa_utilizzo-parques","26":"pa_utilizzo-pequenos-jardines","28":"first","29":"instock","30":"purchasable","31":"product-type-simple"},"acf":[],"_links":{"self":[{"href":"https:\/\/innocentiemangonipiante.it\/es\/wp-json\/wp\/v2\/product\/16494","targetHints":{"allow":["GET"]}}],"collection":[{"href":"https:\/\/innocentiemangonipiante.it\/es\/wp-json\/wp\/v2\/product"}],"about":[{"href":"https:\/\/innocentiemangonipiante.it\/es\/wp-json\/wp\/v2\/types\/product"}],"wp:featuredmedia":[{"embeddable":true,"href":"https:\/\/innocentiemangonipiante.it\/es\/wp-json\/wp\/v2\/media\/4248"}],"wp:attachment":[{"href":"https:\/\/innocentiemangonipiante.it\/es\/wp-json\/wp\/v2\/media?parent=16494"}],"wp:term":[{"taxonomy":"product_brand","embeddable":true,"href":"https:\/\/innocentiemangonipiante.it\/es\/wp-json\/wp\/v2\/product_brand?post=16494"},{"taxonomy":"product_cat","embeddable":true,"href":"https:\/\/innocentiemangonipiante.it\/es\/wp-json\/wp\/v2\/product_cat?post=16494"},{"taxonomy":"product_tag","embeddable":true,"href":"https:\/\/innocentiemangonipiante.it\/es\/wp-json\/wp\/v2\/product_tag?post=16494"}],"curies":[{"name":"wp","href":"https:\/\/api.w.org\/{rel}","templated":true}]}}