{"id":16495,"date":"2023-11-04T02:05:15","date_gmt":"2023-11-04T01:05:15","guid":{"rendered":"http:\/\/innocentiemangonipiante.it\/osmanthus-heterophyllus-tricolor\/"},"modified":"2023-10-06T12:46:49","modified_gmt":"2023-10-06T10:46:49","slug":"osmanthus-heterophyllus-tricolor","status":"publish","type":"product","link":"https:\/\/innocentiemangonipiante.it\/es\/osmanthus-heterophyllus-tricolor\/","title":{"rendered":"OSMANTHUS heterophyllus &#8216;Tricolor&#8217;"},"content":{"rendered":"<p>Arbusto perenne de porte compacto con hojas el\u00edpticas, de bordes ondulados y espinosos, de coloraci\u00f3n verde oscuro. Las vegetaciones nuevas son de color negro-purp\u00fareo.<\/p>\n","protected":false},"excerpt":{"rendered":"<p>Arbusto perenne de porte compacto con hojas el\u00edpticas, de bordes ondulados y espinosos, de coloraci\u00f3n verde oscuro. Las vegetaciones nuevas son de color negro-purp\u00fareo.<\/p>\n","protected":false},"featured_media":4242,"template":"","meta":{"_acf_changed":false},"product_brand":[],"product_cat":[8815],"product_tag":[10899,8706,8737,8494],"class_list":{"0":"post-16495","1":"product","2":"type-product","3":"status-publish","4":"has-post-thumbnail","6":"product_cat-arboles-y-arbustos-persistentes","7":"product_tag-natural-es","8":"product_tag-bola","9":"product_tag-cuarto-de-tallo","10":"product_tag-jardinera","11":"pa_altezza-massima-150-es","12":"pa_altezza-massima-200-es","13":"pa_colore-delle-foglie-variegadas","14":"pa_colore-fioritura-blanco","15":"pa_condizionamento-clt-es","16":"pa_condizionamento-vs-es","17":"pa_famiglia-oleaceae-es","18":"pa_genere-osmanthus-es","19":"pa_inquinamento-resistente-al-smog","20":"pa_origine-asia-oriental","21":"pa_periodo-fioritura-noviembre","22":"pa_periodo-fioritura-octubre","23":"pa_portamento-arrotondato-es","24":"pa_profumo-intenso-es","25":"pa_resistenza-climatica-media-elevada","26":"pa_resistenza-del-suolo-resistente-a-los-suelos-calcareos","27":"pa_utilizzo-parques","28":"pa_utilizzo-pequenos-jardines","30":"first","31":"instock","32":"purchasable","33":"product-type-simple"},"acf":[],"_links":{"self":[{"href":"https:\/\/innocentiemangonipiante.it\/es\/wp-json\/wp\/v2\/product\/16495","targetHints":{"allow":["GET"]}}],"collection":[{"href":"https:\/\/innocentiemangonipiante.it\/es\/wp-json\/wp\/v2\/product"}],"about":[{"href":"https:\/\/innocentiemangonipiante.it\/es\/wp-json\/wp\/v2\/types\/product"}],"wp:featuredmedia":[{"embeddable":true,"href":"https:\/\/innocentiemangonipiante.it\/es\/wp-json\/wp\/v2\/media\/4242"}],"wp:attachment":[{"href":"https:\/\/innocentiemangonipiante.it\/es\/wp-json\/wp\/v2\/media?parent=16495"}],"wp:term":[{"taxonomy":"product_brand","embeddable":true,"href":"https:\/\/innocentiemangonipiante.it\/es\/wp-json\/wp\/v2\/product_brand?post=16495"},{"taxonomy":"product_cat","embeddable":true,"href":"https:\/\/innocentiemangonipiante.it\/es\/wp-json\/wp\/v2\/product_cat?post=16495"},{"taxonomy":"product_tag","embeddable":true,"href":"https:\/\/innocentiemangonipiante.it\/es\/wp-json\/wp\/v2\/product_tag?post=16495"}],"curies":[{"name":"wp","href":"https:\/\/api.w.org\/{rel}","templated":true}]}}