{"id":16496,"date":"2023-11-04T02:04:52","date_gmt":"2023-11-04T01:04:52","guid":{"rendered":"http:\/\/innocentiemangonipiante.it\/osmanthus-heterophyllus\/"},"modified":"2023-10-06T12:46:45","modified_gmt":"2023-10-06T10:46:45","slug":"osmanthus-heterophyllus","status":"publish","type":"product","link":"https:\/\/innocentiemangonipiante.it\/es\/osmanthus-heterophyllus\/","title":{"rendered":"OSMANTHUS heterophyllus"},"content":{"rendered":"<p>Arbusto perennifolio con hojas verdes parecidas a las del Ilex Aquifolium, de ovales a el\u00edpticas, muy dentadas y cori\u00e1ceas, l\u00facidas. Desde finales de verano hasta el oto\u00f1o brotan ramilletes axilares de flores blancas perfumadas, a continuaci\u00f3n frutos negros-azules ovoides.<\/p>\n","protected":false},"excerpt":{"rendered":"<p>Arbusto perennifolio con hojas verdes parecidas a las del Ilex Aquifolium, de ovales a el\u00edpticas, muy dentadas y cori\u00e1ceas, l\u00facidas. Desde finales de verano hasta el oto\u00f1o brotan ramilletes axilares de flores blancas perfumadas, a continuaci\u00f3n frutos negros-azules ovoides.<\/p>\n","protected":false},"featured_media":4236,"template":"","meta":{"_acf_changed":false},"product_brand":[],"product_cat":[8815],"product_tag":[10899,8500,8718],"class_list":{"0":"post-16496","1":"product","2":"type-product","3":"status-publish","4":"has-post-thumbnail","6":"product_cat-arboles-y-arbustos-persistentes","7":"product_tag-natural-es","8":"product_tag-multitronco-con-copa-sombrilla","9":"product_tag-pompons-es","10":"pa_altezza-massima-400-es","11":"pa_altezza-massima-600-es","12":"pa_colore-fioritura-blanco","13":"pa_condizionamento-bol","14":"pa_condizionamento-clt-es","15":"pa_condizionamento-placa","16":"pa_condizionamento-vs-es","17":"pa_famiglia-oleaceae-es","18":"pa_genere-osmanthus-es","19":"pa_inquinamento-resistente-al-smog","20":"pa_origine-japon-es","21":"pa_periodo-fioritura-octubre","22":"pa_periodo-fioritura-septiembre","23":"pa_periodo-fruttificazione-noviembre","24":"pa_portamento-arrotondato-es","25":"pa_profumo-intenso-es","26":"pa_resistenza-climatica-media-elevada","27":"pa_resistenza-del-suolo-resistente-a-los-suelos-calcareos","28":"pa_utilizzo-parques","29":"pa_utilizzo-pequenos-jardines","31":"first","32":"instock","33":"purchasable","34":"product-type-simple"},"acf":[],"_links":{"self":[{"href":"https:\/\/innocentiemangonipiante.it\/es\/wp-json\/wp\/v2\/product\/16496","targetHints":{"allow":["GET"]}}],"collection":[{"href":"https:\/\/innocentiemangonipiante.it\/es\/wp-json\/wp\/v2\/product"}],"about":[{"href":"https:\/\/innocentiemangonipiante.it\/es\/wp-json\/wp\/v2\/types\/product"}],"wp:featuredmedia":[{"embeddable":true,"href":"https:\/\/innocentiemangonipiante.it\/es\/wp-json\/wp\/v2\/media\/4236"}],"wp:attachment":[{"href":"https:\/\/innocentiemangonipiante.it\/es\/wp-json\/wp\/v2\/media?parent=16496"}],"wp:term":[{"taxonomy":"product_brand","embeddable":true,"href":"https:\/\/innocentiemangonipiante.it\/es\/wp-json\/wp\/v2\/product_brand?post=16496"},{"taxonomy":"product_cat","embeddable":true,"href":"https:\/\/innocentiemangonipiante.it\/es\/wp-json\/wp\/v2\/product_cat?post=16496"},{"taxonomy":"product_tag","embeddable":true,"href":"https:\/\/innocentiemangonipiante.it\/es\/wp-json\/wp\/v2\/product_tag?post=16496"}],"curies":[{"name":"wp","href":"https:\/\/api.w.org\/{rel}","templated":true}]}}