{"id":16498,"date":"2023-11-04T02:05:30","date_gmt":"2023-11-04T01:05:30","guid":{"rendered":"http:\/\/innocentiemangonipiante.it\/osmanthus-x-fortunei\/"},"modified":"2023-10-06T12:46:51","modified_gmt":"2023-10-06T10:46:51","slug":"osmanthus-x-fortunei","status":"publish","type":"product","link":"https:\/\/innocentiemangonipiante.it\/es\/osmanthus-x-fortunei\/","title":{"rendered":"OSMANTHUS x fortunei"},"content":{"rendered":"<p>Arbusto perennifolio erguido, con hojas de color verde oscuro parecidas a las del Ilex Aquifolium, de ovales a ovaladas, cori\u00e1ceas, l\u00facidas. Desde finales de verano a oto\u00f1o brotan ramilletes de flores blancas perfumadas.<\/p>\n","protected":false},"excerpt":{"rendered":"<p>Arbusto perennifolio erguido, con hojas de color verde oscuro parecidas a las del Ilex Aquifolium, de ovales a ovaladas, cori\u00e1ceas, l\u00facidas. Desde finales de verano a oto\u00f1o brotan ramilletes de flores blancas perfumadas.<\/p>\n","protected":false},"featured_media":4259,"template":"","meta":{"_acf_changed":false},"product_brand":[],"product_cat":[8815],"product_tag":[10899,8706,8500,8402],"class_list":{"0":"post-16498","1":"product","2":"type-product","3":"status-publish","4":"has-post-thumbnail","6":"product_cat-arboles-y-arbustos-persistentes","7":"product_tag-natural-es","8":"product_tag-bola","9":"product_tag-multitronco-con-copa-sombrilla","10":"product_tag-tallo-alto","11":"pa_altezza-massima-400-es","12":"pa_altezza-massima-600-es","13":"pa_colore-fioritura-blanco","14":"pa_condizionamento-clt-es","15":"pa_condizionamento-placa","16":"pa_condizionamento-vs-es","17":"pa_famiglia-oleaceae-es","18":"pa_genere-osmanthus-es","19":"pa_origine-asia-oriental","20":"pa_periodo-fioritura-octubre","21":"pa_periodo-fioritura-septiembre","22":"pa_portamento-eretto-es","23":"pa_profumo-intenso-es","24":"pa_resistenza-climatica-media-elevada","25":"pa_resistenza-del-suolo-resistente-a-los-suelos-calcareos","26":"pa_utilizzo-parques","27":"pa_utilizzo-pequenos-jardines","28":"pa_utilizzo-setos","30":"first","31":"instock","32":"purchasable","33":"product-type-simple"},"acf":[],"_links":{"self":[{"href":"https:\/\/innocentiemangonipiante.it\/es\/wp-json\/wp\/v2\/product\/16498","targetHints":{"allow":["GET"]}}],"collection":[{"href":"https:\/\/innocentiemangonipiante.it\/es\/wp-json\/wp\/v2\/product"}],"about":[{"href":"https:\/\/innocentiemangonipiante.it\/es\/wp-json\/wp\/v2\/types\/product"}],"wp:featuredmedia":[{"embeddable":true,"href":"https:\/\/innocentiemangonipiante.it\/es\/wp-json\/wp\/v2\/media\/4259"}],"wp:attachment":[{"href":"https:\/\/innocentiemangonipiante.it\/es\/wp-json\/wp\/v2\/media?parent=16498"}],"wp:term":[{"taxonomy":"product_brand","embeddable":true,"href":"https:\/\/innocentiemangonipiante.it\/es\/wp-json\/wp\/v2\/product_brand?post=16498"},{"taxonomy":"product_cat","embeddable":true,"href":"https:\/\/innocentiemangonipiante.it\/es\/wp-json\/wp\/v2\/product_cat?post=16498"},{"taxonomy":"product_tag","embeddable":true,"href":"https:\/\/innocentiemangonipiante.it\/es\/wp-json\/wp\/v2\/product_tag?post=16498"}],"curies":[{"name":"wp","href":"https:\/\/api.w.org\/{rel}","templated":true}]}}