{"id":16502,"date":"2023-11-04T02:06:11","date_gmt":"2023-11-04T01:06:11","guid":{"rendered":"http:\/\/innocentiemangonipiante.it\/paeonia-suffruticosa\/"},"modified":"2023-10-06T12:46:58","modified_gmt":"2023-10-06T10:46:58","slug":"paeonia-suffruticosa","status":"publish","type":"product","link":"https:\/\/innocentiemangonipiante.it\/es\/paeonia-suffruticosa\/","title":{"rendered":"PAEONIA suffruticosa"},"content":{"rendered":"<p>Arbusto caduco erguido, con hojas verdes oscuras, azules verdes en el env\u00e9s. Cada hoja est\u00e1 compuesta de 9 hojitas, de el\u00edpticas a ovaladas. A finales de primavera-principios de verano produce flores simples en forma de copa, m\u00e1s o menos anchas.<\/p>\n","protected":false},"excerpt":{"rendered":"<p>Arbusto caduco erguido, con hojas verdes oscuras, azules verdes en el env\u00e9s. Cada hoja est\u00e1 compuesta de 9 hojitas, de el\u00edpticas a ovaladas. A finales de primavera-principios de verano produce flores simples en forma de copa, m\u00e1s o menos anchas.<\/p>\n","protected":false},"featured_media":4272,"template":"","meta":{"_acf_changed":false},"product_brand":[],"product_cat":[8814],"product_tag":[10899],"class_list":{"0":"post-16502","1":"product","2":"type-product","3":"status-publish","4":"has-post-thumbnail","6":"product_cat-arboles-y-arbustos-de-hoja-caduca","7":"product_tag-natural-es","8":"pa_altezza-massima-150-es","9":"pa_altezza-massima-200-es","10":"pa_condizionamento-clt-es","11":"pa_famiglia-paeoniaceae-es","12":"pa_genere-paeonia-es","13":"pa_origine-asia-oriental","14":"pa_periodo-fioritura-junio","15":"pa_periodo-fioritura-mayo","16":"pa_portamento-eretto-es","17":"pa_resistenza-climatica-media-elevada","18":"pa_utilizzo-parques","19":"pa_utilizzo-pequenos-jardines","21":"first","22":"instock","23":"purchasable","24":"product-type-simple"},"acf":[],"_links":{"self":[{"href":"https:\/\/innocentiemangonipiante.it\/es\/wp-json\/wp\/v2\/product\/16502","targetHints":{"allow":["GET"]}}],"collection":[{"href":"https:\/\/innocentiemangonipiante.it\/es\/wp-json\/wp\/v2\/product"}],"about":[{"href":"https:\/\/innocentiemangonipiante.it\/es\/wp-json\/wp\/v2\/types\/product"}],"wp:featuredmedia":[{"embeddable":true,"href":"https:\/\/innocentiemangonipiante.it\/es\/wp-json\/wp\/v2\/media\/4272"}],"wp:attachment":[{"href":"https:\/\/innocentiemangonipiante.it\/es\/wp-json\/wp\/v2\/media?parent=16502"}],"wp:term":[{"taxonomy":"product_brand","embeddable":true,"href":"https:\/\/innocentiemangonipiante.it\/es\/wp-json\/wp\/v2\/product_brand?post=16502"},{"taxonomy":"product_cat","embeddable":true,"href":"https:\/\/innocentiemangonipiante.it\/es\/wp-json\/wp\/v2\/product_cat?post=16502"},{"taxonomy":"product_tag","embeddable":true,"href":"https:\/\/innocentiemangonipiante.it\/es\/wp-json\/wp\/v2\/product_tag?post=16502"}],"curies":[{"name":"wp","href":"https:\/\/api.w.org\/{rel}","templated":true}]}}