{"id":16504,"date":"2023-11-04T02:07:39","date_gmt":"2023-11-04T01:07:39","guid":{"rendered":"http:\/\/innocentiemangonipiante.it\/parrotia-persica-vanessa\/"},"modified":"2023-10-06T12:47:16","modified_gmt":"2023-10-06T10:47:16","slug":"parrotia-persica-vanessa","status":"publish","type":"product","link":"https:\/\/innocentiemangonipiante.it\/es\/parrotia-persica-vanessa\/","title":{"rendered":"PARROTIA persica &#8216;Vanessa&#8217;"},"content":{"rendered":"<p>Peque\u00f1o \u00e1rbol con porte m\u00e1s erecto que su especie. Muy bonita coloraci\u00f3n rojo anaranjado en oto\u00f1o.<\/p>\n","protected":false},"excerpt":{"rendered":"<p>Peque\u00f1o \u00e1rbol con porte m\u00e1s erecto que su especie. Muy bonita coloraci\u00f3n rojo anaranjado en oto\u00f1o.<\/p>\n","protected":false},"featured_media":4297,"template":"","meta":{"_acf_changed":false},"product_brand":[],"product_cat":[8814],"product_tag":[10899,8500,8402],"class_list":{"0":"post-16504","1":"product","2":"type-product","3":"status-publish","4":"has-post-thumbnail","6":"product_cat-arboles-y-arbustos-de-hoja-caduca","7":"product_tag-natural-es","8":"product_tag-multitronco-con-copa-sombrilla","9":"product_tag-tallo-alto","10":"pa_altezza-massima-500-es","11":"pa_altezza-massima-800-es","12":"pa_colore-fioritura-rojo","13":"pa_condizionamento-clt-es","14":"pa_condizionamento-placa","15":"pa_famiglia-hamamelidaceae-es","16":"pa_genere-parrotia-es","17":"pa_inquinamento-resistente-al-smog","18":"pa_origine-holanda","19":"pa_periodo-fioritura-febrero","20":"pa_periodo-fioritura-marzo-es","21":"pa_portamento-arrotondato-es","22":"pa_resistenza-climatica-muy-elevada","23":"pa_resistenza-del-suolo-resistente-a-los-suelos-secos","24":"pa_utilizzo-avenidas","25":"pa_utilizzo-parques","26":"pa_utilizzo-pequenos-jardines","28":"first","29":"instock","30":"purchasable","31":"product-type-simple"},"acf":[],"_links":{"self":[{"href":"https:\/\/innocentiemangonipiante.it\/es\/wp-json\/wp\/v2\/product\/16504","targetHints":{"allow":["GET"]}}],"collection":[{"href":"https:\/\/innocentiemangonipiante.it\/es\/wp-json\/wp\/v2\/product"}],"about":[{"href":"https:\/\/innocentiemangonipiante.it\/es\/wp-json\/wp\/v2\/types\/product"}],"wp:featuredmedia":[{"embeddable":true,"href":"https:\/\/innocentiemangonipiante.it\/es\/wp-json\/wp\/v2\/media\/4297"}],"wp:attachment":[{"href":"https:\/\/innocentiemangonipiante.it\/es\/wp-json\/wp\/v2\/media?parent=16504"}],"wp:term":[{"taxonomy":"product_brand","embeddable":true,"href":"https:\/\/innocentiemangonipiante.it\/es\/wp-json\/wp\/v2\/product_brand?post=16504"},{"taxonomy":"product_cat","embeddable":true,"href":"https:\/\/innocentiemangonipiante.it\/es\/wp-json\/wp\/v2\/product_cat?post=16504"},{"taxonomy":"product_tag","embeddable":true,"href":"https:\/\/innocentiemangonipiante.it\/es\/wp-json\/wp\/v2\/product_tag?post=16504"}],"curies":[{"name":"wp","href":"https:\/\/api.w.org\/{rel}","templated":true}]}}