{"id":16506,"date":"2023-11-04T02:06:54","date_gmt":"2023-11-04T01:06:54","guid":{"rendered":"http:\/\/innocentiemangonipiante.it\/parrotia-persica\/"},"modified":"2023-10-06T12:47:07","modified_gmt":"2023-10-06T10:47:07","slug":"parrotia-persica","status":"publish","type":"product","link":"https:\/\/innocentiemangonipiante.it\/es\/parrotia-persica\/","title":{"rendered":"PARROTIA persica"},"content":{"rendered":"<p>\u00c1rbol caduco con corteza que se descorteza en edad adulta (como los Platanus), con hojas ovaladas verdes que cambian a amarillo-naranja y rojo p\u00farpura en oto\u00f1o. Produce min\u00fasculas flores rojas, en ramilletes, a principios de primavera antes de las hojas.<\/p>\n","protected":false},"excerpt":{"rendered":"<p>\u00c1rbol caduco con corteza que se descorteza en edad adulta (como los Platanus), con hojas ovaladas verdes que cambian a amarillo-naranja y rojo p\u00farpura en oto\u00f1o. Produce min\u00fasculas flores rojas, en ramilletes, a principios de primavera antes de las hojas.<\/p>\n","protected":false},"featured_media":4294,"template":"","meta":{"_acf_changed":false},"product_brand":[],"product_cat":[8814,9232],"product_tag":[10899],"class_list":{"0":"post-16506","1":"product","2":"type-product","3":"status-publish","4":"has-post-thumbnail","6":"product_cat-arboles-y-arbustos-de-hoja-caduca","7":"product_cat-arboles-y-plantas-del-futuro","8":"product_tag-natural-es","9":"pa_altezza-massima-800-es","10":"pa_altezza-massima-1000-es-2","11":"pa_colore-fioritura-rojo","12":"pa_famiglia-hamamelidaceae-es","13":"pa_genere-parrotia-es","14":"pa_inquinamento-resistente-al-smog","15":"pa_origine-iran-es","16":"pa_periodo-fioritura-marzo-es","17":"pa_portamento-arrotondato-es","18":"pa_resistenza-climatica-muy-elevada","19":"pa_resistenza-del-suolo-resistente-a-los-suelos-secos","20":"pa_utilizzo-parques","21":"pa_utilizzo-pequenos-jardines","23":"first","24":"instock","25":"purchasable","26":"product-type-simple"},"acf":[],"_links":{"self":[{"href":"https:\/\/innocentiemangonipiante.it\/es\/wp-json\/wp\/v2\/product\/16506","targetHints":{"allow":["GET"]}}],"collection":[{"href":"https:\/\/innocentiemangonipiante.it\/es\/wp-json\/wp\/v2\/product"}],"about":[{"href":"https:\/\/innocentiemangonipiante.it\/es\/wp-json\/wp\/v2\/types\/product"}],"wp:featuredmedia":[{"embeddable":true,"href":"https:\/\/innocentiemangonipiante.it\/es\/wp-json\/wp\/v2\/media\/4294"}],"wp:attachment":[{"href":"https:\/\/innocentiemangonipiante.it\/es\/wp-json\/wp\/v2\/media?parent=16506"}],"wp:term":[{"taxonomy":"product_brand","embeddable":true,"href":"https:\/\/innocentiemangonipiante.it\/es\/wp-json\/wp\/v2\/product_brand?post=16506"},{"taxonomy":"product_cat","embeddable":true,"href":"https:\/\/innocentiemangonipiante.it\/es\/wp-json\/wp\/v2\/product_cat?post=16506"},{"taxonomy":"product_tag","embeddable":true,"href":"https:\/\/innocentiemangonipiante.it\/es\/wp-json\/wp\/v2\/product_tag?post=16506"}],"curies":[{"name":"wp","href":"https:\/\/api.w.org\/{rel}","templated":true}]}}