{"id":16507,"date":"2023-11-04T02:08:03","date_gmt":"2023-11-04T01:08:03","guid":{"rendered":"http:\/\/innocentiemangonipiante.it\/parthenocissus-tricuspidale-veitchii-robusta\/"},"modified":"2023-10-06T12:47:41","modified_gmt":"2023-10-06T10:47:41","slug":"parthenocissus-tricuspidale-veitchii-robusta","status":"publish","type":"product","link":"https:\/\/innocentiemangonipiante.it\/es\/parthenocissus-tricuspidale-veitchii-robusta\/","title":{"rendered":"PARTHENOCISSUS tricuspidale &#8216;Veitchii Robusta&#8217;"},"content":{"rendered":"<p>Selecci\u00f3n de injerto con hojas m\u00e1s grandes de la variedad tipo, de hasta 15-20 cm, de color verde brillante que cambian a rojo p\u00farpura en oto\u00f1o.<\/p>\n","protected":false},"excerpt":{"rendered":"<p>Selecci\u00f3n de injerto con hojas m\u00e1s grandes de la variedad tipo, de hasta 15-20 cm, de color verde brillante que cambian a rojo p\u00farpura en oto\u00f1o.<\/p>\n","protected":false},"featured_media":4304,"template":"","meta":{"_acf_changed":false},"product_brand":[],"product_cat":[8838],"product_tag":[10899],"class_list":{"0":"post-16507","1":"product","2":"type-product","3":"status-publish","4":"has-post-thumbnail","6":"product_cat-enredaderas","7":"product_tag-natural-es","8":"pa_altezza-massima-15-metros","9":"pa_altezza-massima-20-metros","10":"pa_condizionamento-clt-es","11":"pa_famiglia-vitaceae-es","12":"pa_genere-parthenocissus-es","13":"pa_origine-asia-oriental","14":"pa_portamento-enredadera","15":"pa_resistenza-climatica-muy-elevada","16":"pa_resistenza-del-suolo-resistente-a-los-suelos-calcareos","17":"pa_resistenza-del-suolo-resistente-a-los-suelos-secos","18":"pa_utilizzo-parques","19":"pa_utilizzo-pequenos-jardines","21":"first","22":"instock","23":"purchasable","24":"product-type-simple"},"acf":[],"_links":{"self":[{"href":"https:\/\/innocentiemangonipiante.it\/es\/wp-json\/wp\/v2\/product\/16507","targetHints":{"allow":["GET"]}}],"collection":[{"href":"https:\/\/innocentiemangonipiante.it\/es\/wp-json\/wp\/v2\/product"}],"about":[{"href":"https:\/\/innocentiemangonipiante.it\/es\/wp-json\/wp\/v2\/types\/product"}],"wp:featuredmedia":[{"embeddable":true,"href":"https:\/\/innocentiemangonipiante.it\/es\/wp-json\/wp\/v2\/media\/4304"}],"wp:attachment":[{"href":"https:\/\/innocentiemangonipiante.it\/es\/wp-json\/wp\/v2\/media?parent=16507"}],"wp:term":[{"taxonomy":"product_brand","embeddable":true,"href":"https:\/\/innocentiemangonipiante.it\/es\/wp-json\/wp\/v2\/product_brand?post=16507"},{"taxonomy":"product_cat","embeddable":true,"href":"https:\/\/innocentiemangonipiante.it\/es\/wp-json\/wp\/v2\/product_cat?post=16507"},{"taxonomy":"product_tag","embeddable":true,"href":"https:\/\/innocentiemangonipiante.it\/es\/wp-json\/wp\/v2\/product_tag?post=16507"}],"curies":[{"name":"wp","href":"https:\/\/api.w.org\/{rel}","templated":true}]}}