{"id":16510,"date":"2023-11-04T02:08:17","date_gmt":"2023-11-04T01:08:17","guid":{"rendered":"http:\/\/innocentiemangonipiante.it\/passiflora-caerulea\/"},"modified":"2023-10-06T12:47:43","modified_gmt":"2023-10-06T10:47:43","slug":"passiflora-caerulea","status":"publish","type":"product","link":"https:\/\/innocentiemangonipiante.it\/es\/passiflora-caerulea\/","title":{"rendered":"PASSIFLORA caerulea"},"content":{"rendered":"<p>\u2018Flor de la pasi\u00f3n\u2019. Trepador de crecimiento r\u00e1pido con ramas cuadrangulares de m\u00e1rgenes alados, hojas verdes divididas en 5 lobos. De verano a oto\u00f1o produce flores blancas en forma de copa, con coronaduras p\u00farpura-azul. Los frutos son ovoidales, naranja-amarillo.<\/p>\n","protected":false},"excerpt":{"rendered":"<p>\u2018Flor de la pasi\u00f3n\u2019. Trepador de crecimiento r\u00e1pido con ramas cuadrangulares de m\u00e1rgenes alados, hojas verdes divididas en 5 lobos. De verano a oto\u00f1o produce flores blancas en forma de copa, con coronaduras p\u00farpura-azul. Los frutos son ovoidales, naranja-amarillo.<\/p>\n","protected":false},"featured_media":4320,"template":"","meta":{"_acf_changed":false},"product_brand":[],"product_cat":[8838,9232],"product_tag":[10899],"class_list":{"0":"post-16510","1":"product","2":"type-product","3":"status-publish","4":"has-post-thumbnail","6":"product_cat-enredaderas","7":"product_cat-arboles-y-plantas-del-futuro","8":"product_tag-natural-es","9":"pa_altezza-massima-600-es","10":"pa_altezza-massima-900-es","11":"pa_colore-fioritura-blanco","12":"pa_condizionamento-clt-es","13":"pa_famiglia-passifloraceae-es","14":"pa_genere-passiflora-es","15":"pa_origine-brasil","16":"pa_periodo-fioritura-agosto-es","17":"pa_periodo-fioritura-julio","18":"pa_periodo-fioritura-junio","19":"pa_periodo-fioritura-septiembre","20":"pa_periodo-fruttificazione-julio","21":"pa_portamento-enredadera","22":"pa_resistenza-climatica-media","23":"pa_utilizzo-balcones","24":"pa_utilizzo-pequenos-jardines","26":"first","27":"instock","28":"purchasable","29":"product-type-simple"},"acf":[],"_links":{"self":[{"href":"https:\/\/innocentiemangonipiante.it\/es\/wp-json\/wp\/v2\/product\/16510","targetHints":{"allow":["GET"]}}],"collection":[{"href":"https:\/\/innocentiemangonipiante.it\/es\/wp-json\/wp\/v2\/product"}],"about":[{"href":"https:\/\/innocentiemangonipiante.it\/es\/wp-json\/wp\/v2\/types\/product"}],"wp:featuredmedia":[{"embeddable":true,"href":"https:\/\/innocentiemangonipiante.it\/es\/wp-json\/wp\/v2\/media\/4320"}],"wp:attachment":[{"href":"https:\/\/innocentiemangonipiante.it\/es\/wp-json\/wp\/v2\/media?parent=16510"}],"wp:term":[{"taxonomy":"product_brand","embeddable":true,"href":"https:\/\/innocentiemangonipiante.it\/es\/wp-json\/wp\/v2\/product_brand?post=16510"},{"taxonomy":"product_cat","embeddable":true,"href":"https:\/\/innocentiemangonipiante.it\/es\/wp-json\/wp\/v2\/product_cat?post=16510"},{"taxonomy":"product_tag","embeddable":true,"href":"https:\/\/innocentiemangonipiante.it\/es\/wp-json\/wp\/v2\/product_tag?post=16510"}],"curies":[{"name":"wp","href":"https:\/\/api.w.org\/{rel}","templated":true}]}}