{"id":16517,"date":"2023-11-04T02:11:20","date_gmt":"2023-11-04T01:11:20","guid":{"rendered":"http:\/\/innocentiemangonipiante.it\/phoenix-canariensis\/"},"modified":"2023-10-06T12:48:19","modified_gmt":"2023-10-06T10:48:19","slug":"phoenix-canariensis","status":"publish","type":"product","link":"https:\/\/innocentiemangonipiante.it\/es\/phoenix-canariensis\/","title":{"rendered":"PHOENIX canariensis"},"content":{"rendered":"<p>Palma de tama\u00f1o medio con un tronco fuerte columnar marcado por el corte de las hojas. Estas \u00faltimas son pinnadas, de hasta 6 mt de largo, compuestas de hojitas lineales de color verde. En verano produce panojas p\u00e9ndulas de flores en forma de copa de color crema-amarillo, a continuaci\u00f3n da frutos cil\u00edndricos o elipsoidales rojos, difuminados de amarillo.<\/p>\n","protected":false},"excerpt":{"rendered":"<p>Palma de tama\u00f1o medio con un tronco fuerte columnar marcado por el corte de las hojas. Estas \u00faltimas son pinnadas, de hasta 6 mt de largo, compuestas de hojitas lineales de color verde. En verano produce panojas p\u00e9ndulas de flores en forma de copa de color crema-amarillo, a continuaci\u00f3n da frutos cil\u00edndricos o elipsoidales rojos, [&hellip;]<\/p>\n","protected":false},"featured_media":4362,"template":"","meta":{"_acf_changed":false},"product_brand":[],"product_cat":[8831,9232],"product_tag":[10899],"class_list":{"0":"post-16517","1":"product","2":"type-product","3":"status-publish","4":"has-post-thumbnail","6":"product_cat-palmaceas-y-suculentas","7":"product_cat-arboles-y-plantas-del-futuro","8":"product_tag-natural-es","9":"pa_altezza-massima-15-metros","10":"pa_altezza-massima-20-metros","11":"pa_colore-fioritura-amarillo","12":"pa_condizionamento-clt-es","13":"pa_condizionamento-plant-plast-es","14":"pa_famiglia-palmae-es","15":"pa_genere-phoenix-es","16":"pa_origine-islas-canarias","17":"pa_periodo-fioritura-agosto-es","18":"pa_periodo-fioritura-julio","19":"pa_periodo-fruttificazione-septiembre","20":"pa_portamento-eretto-es","21":"pa_resistenza-climatica-muy-baja","22":"pa_resistenza-del-suolo-resistente-a-los-suelos-secos","23":"pa_salinita-resistente-alla-salsedine-es","24":"pa_utilizzo-parques","25":"pa_utilizzo-pequenos-jardines","27":"first","28":"instock","29":"purchasable","30":"product-type-simple"},"acf":[],"_links":{"self":[{"href":"https:\/\/innocentiemangonipiante.it\/es\/wp-json\/wp\/v2\/product\/16517","targetHints":{"allow":["GET"]}}],"collection":[{"href":"https:\/\/innocentiemangonipiante.it\/es\/wp-json\/wp\/v2\/product"}],"about":[{"href":"https:\/\/innocentiemangonipiante.it\/es\/wp-json\/wp\/v2\/types\/product"}],"wp:featuredmedia":[{"embeddable":true,"href":"https:\/\/innocentiemangonipiante.it\/es\/wp-json\/wp\/v2\/media\/4362"}],"wp:attachment":[{"href":"https:\/\/innocentiemangonipiante.it\/es\/wp-json\/wp\/v2\/media?parent=16517"}],"wp:term":[{"taxonomy":"product_brand","embeddable":true,"href":"https:\/\/innocentiemangonipiante.it\/es\/wp-json\/wp\/v2\/product_brand?post=16517"},{"taxonomy":"product_cat","embeddable":true,"href":"https:\/\/innocentiemangonipiante.it\/es\/wp-json\/wp\/v2\/product_cat?post=16517"},{"taxonomy":"product_tag","embeddable":true,"href":"https:\/\/innocentiemangonipiante.it\/es\/wp-json\/wp\/v2\/product_tag?post=16517"}],"curies":[{"name":"wp","href":"https:\/\/api.w.org\/{rel}","templated":true}]}}