{"id":16529,"date":"2023-11-04T02:15:19","date_gmt":"2023-11-04T01:15:19","guid":{"rendered":"http:\/\/innocentiemangonipiante.it\/photinia-x-fraseri-red-robin\/"},"modified":"2023-11-09T09:48:12","modified_gmt":"2023-11-09T08:48:12","slug":"photinia-x-fraseri-red-robin","status":"publish","type":"product","link":"https:\/\/innocentiemangonipiante.it\/es\/photinia-x-fraseri-red-robin\/","title":{"rendered":"PHOTINIA x fraseri &#8216;Red Robin&#8217;"},"content":{"rendered":"<p>Arbusto perennifolio erguido, con hojas de inversamente lanceoladas a el\u00edpticas, cori\u00e1ceas, de color verde oscuro, de bronceadas a rojas vivas de j\u00f3venes. A mediados-finales de primavera produce flores blancas en panojas. Exposici\u00f3n ensoleillada. Resistente a la sequ\u00eda. Teme el exceso de agua y hielo fuerte (-20\u00b0C).<\/p>\n","protected":false},"excerpt":{"rendered":"<p>Arbusto perennifolio erguido, con hojas de inversamente lanceoladas a el\u00edpticas, cori\u00e1ceas, de color verde oscuro, de bronceadas a rojas vivas de j\u00f3venes. A mediados-finales de primavera produce flores blancas en panojas. Exposici\u00f3n ensoleillada. Resistente a la sequ\u00eda. Teme el exceso de agua y hielo fuerte (-20\u00b0C).<\/p>\n","protected":false},"featured_media":4449,"template":"","meta":{"_acf_changed":false},"product_brand":[],"product_cat":[8815],"product_tag":[10899,8454,8752,8706,8537,8737,8541,8582,8494,8566,8500,8402,8434,8410,8426],"class_list":{"0":"post-16529","1":"product","2":"type-product","3":"status-publish","4":"has-post-thumbnail","6":"product_cat-arboles-y-arbustos-persistentes","7":"product_tag-natural-es","8":"product_tag-arco-es","9":"product_tag-atras","10":"product_tag-bola","11":"product_tag-cono-es","12":"product_tag-cuarto-de-tallo","13":"product_tag-cubo-es","14":"product_tag-espaldera-de-medio-tallo","15":"product_tag-jardinera","16":"product_tag-medio-tallo","17":"product_tag-multitronco-con-copa-sombrilla","18":"product_tag-tallo-alto","19":"product_tag-techo-de-tronco-alto","20":"product_tag-tronco-alto-cono","21":"product_tag-tronco-alto-espaldera","22":"pa_altezza-massima-300-es","23":"pa_altezza-massima-500-es","24":"pa_colore-fioritura-blanco","25":"pa_condizionamento-bol","26":"pa_condizionamento-clt-es","27":"pa_condizionamento-florero-cuadrado","28":"pa_condizionamento-vs-es","29":"pa_famiglia-rosaceae-es","30":"pa_genere-photinia-es","31":"pa_origine-nueva-zelanda-es","32":"pa_periodo-fioritura-abril","33":"pa_periodo-fioritura-marzo-es","34":"pa_portamento-eretto-es","35":"pa_profumo-delicato-es","36":"pa_resistenza-climatica-media-elevada","37":"pa_resistenza-del-suolo-resistente-a-los-suelos-calcareos","38":"pa_resistenza-del-suolo-resistente-a-los-suelos-secos","39":"pa_salinita-resistente-alla-salsedine-es","40":"pa_utilizzo-pequenos-jardines","41":"pa_utilizzo-setos","43":"first","44":"instock","45":"purchasable","46":"product-type-simple"},"acf":[],"_links":{"self":[{"href":"https:\/\/innocentiemangonipiante.it\/es\/wp-json\/wp\/v2\/product\/16529","targetHints":{"allow":["GET"]}}],"collection":[{"href":"https:\/\/innocentiemangonipiante.it\/es\/wp-json\/wp\/v2\/product"}],"about":[{"href":"https:\/\/innocentiemangonipiante.it\/es\/wp-json\/wp\/v2\/types\/product"}],"wp:featuredmedia":[{"embeddable":true,"href":"https:\/\/innocentiemangonipiante.it\/es\/wp-json\/wp\/v2\/media\/4449"}],"wp:attachment":[{"href":"https:\/\/innocentiemangonipiante.it\/es\/wp-json\/wp\/v2\/media?parent=16529"}],"wp:term":[{"taxonomy":"product_brand","embeddable":true,"href":"https:\/\/innocentiemangonipiante.it\/es\/wp-json\/wp\/v2\/product_brand?post=16529"},{"taxonomy":"product_cat","embeddable":true,"href":"https:\/\/innocentiemangonipiante.it\/es\/wp-json\/wp\/v2\/product_cat?post=16529"},{"taxonomy":"product_tag","embeddable":true,"href":"https:\/\/innocentiemangonipiante.it\/es\/wp-json\/wp\/v2\/product_tag?post=16529"}],"curies":[{"name":"wp","href":"https:\/\/api.w.org\/{rel}","templated":true}]}}