{"id":16539,"date":"2023-11-04T02:19:03","date_gmt":"2023-11-04T01:19:03","guid":{"rendered":"http:\/\/innocentiemangonipiante.it\/picea-pungens-hoopsii\/"},"modified":"2023-11-09T09:51:13","modified_gmt":"2023-11-09T08:51:13","slug":"picea-pungens-hoopsii","status":"publish","type":"product","link":"https:\/\/innocentiemangonipiante.it\/es\/picea-pungens-hoopsii\/","title":{"rendered":"PICEA pungens &#8216;Hoopsii&#8217;"},"content":{"rendered":"<p>Con\u00edfera de porte c\u00f3nico con corteza escamosa de color gris p\u00farpura, agujas r\u00edgidas cuadrangulares de punta aguda de color blanco-azul glaucas. Produce conos femeninos cil\u00edndricos, verdes y luego marrones, de hasta 12 cm de largo.<\/p>\n","protected":false},"excerpt":{"rendered":"<p>Con\u00edfera de porte c\u00f3nico con corteza escamosa de color gris p\u00farpura, agujas r\u00edgidas cuadrangulares de punta aguda de color blanco-azul glaucas. Produce conos femeninos cil\u00edndricos, verdes y luego marrones, de hasta 12 cm de largo.<\/p>\n","protected":false},"featured_media":4539,"template":"","meta":{"_acf_changed":false},"product_brand":[],"product_cat":[8826],"product_tag":[10899],"class_list":{"0":"post-16539","1":"product","2":"type-product","3":"status-publish","4":"has-post-thumbnail","6":"product_cat-coniferas","7":"product_tag-natural-es","8":"pa_altezza-massima-1000-es-2","9":"pa_altezza-massima-15-metros","10":"pa_colore-delle-foglie-azul","11":"pa_condizionamento-clt-es","12":"pa_condizionamento-placa","13":"pa_famiglia-pinaceae-es","14":"pa_genere-picea-es","15":"pa_inquinamento-resistente-al-smog","16":"pa_origine-origine-delle-piante-u-s-a-es","17":"pa_portamento-piramidale-es","18":"pa_resistenza-climatica-muy-elevada","19":"pa_utilizzo-parques","20":"pa_utilizzo-pequenos-jardines","22":"first","23":"instock","24":"purchasable","25":"product-type-simple"},"acf":[],"_links":{"self":[{"href":"https:\/\/innocentiemangonipiante.it\/es\/wp-json\/wp\/v2\/product\/16539","targetHints":{"allow":["GET"]}}],"collection":[{"href":"https:\/\/innocentiemangonipiante.it\/es\/wp-json\/wp\/v2\/product"}],"about":[{"href":"https:\/\/innocentiemangonipiante.it\/es\/wp-json\/wp\/v2\/types\/product"}],"wp:featuredmedia":[{"embeddable":true,"href":"https:\/\/innocentiemangonipiante.it\/es\/wp-json\/wp\/v2\/media\/4539"}],"wp:attachment":[{"href":"https:\/\/innocentiemangonipiante.it\/es\/wp-json\/wp\/v2\/media?parent=16539"}],"wp:term":[{"taxonomy":"product_brand","embeddable":true,"href":"https:\/\/innocentiemangonipiante.it\/es\/wp-json\/wp\/v2\/product_brand?post=16539"},{"taxonomy":"product_cat","embeddable":true,"href":"https:\/\/innocentiemangonipiante.it\/es\/wp-json\/wp\/v2\/product_cat?post=16539"},{"taxonomy":"product_tag","embeddable":true,"href":"https:\/\/innocentiemangonipiante.it\/es\/wp-json\/wp\/v2\/product_tag?post=16539"}],"curies":[{"name":"wp","href":"https:\/\/api.w.org\/{rel}","templated":true}]}}