{"id":16540,"date":"2023-11-04T02:18:46","date_gmt":"2023-11-04T01:18:46","guid":{"rendered":"http:\/\/innocentiemangonipiante.it\/picea-pungens-glauca-globosa\/"},"modified":"2023-11-09T09:51:02","modified_gmt":"2023-11-09T08:51:02","slug":"picea-pungens-glauca-globosa","status":"publish","type":"product","link":"https:\/\/innocentiemangonipiante.it\/es\/picea-pungens-glauca-globosa\/","title":{"rendered":"PICEA pungens &#8216;Glauca Globosa&#8217;"},"content":{"rendered":"<p>Con\u00edfera de forma enana, con agujas r\u00edgidas cuadrangulares de punta aguda, de color azul plateado. El porte es esf\u00e9rico.<\/p>\n","protected":false},"excerpt":{"rendered":"<p>Con\u00edfera de forma enana, con agujas r\u00edgidas cuadrangulares de punta aguda, de color azul plateado. El porte es esf\u00e9rico.<\/p>\n","protected":false},"featured_media":4533,"template":"","meta":{"_acf_changed":false},"product_brand":[],"product_cat":[8826],"product_tag":[10899,8737,8566],"class_list":{"0":"post-16540","1":"product","2":"type-product","3":"status-publish","4":"has-post-thumbnail","6":"product_cat-coniferas","7":"product_tag-natural-es","8":"product_tag-cuarto-de-tallo","9":"product_tag-medio-tallo","10":"pa_altezza-massima-200-es","11":"pa_altezza-massima-300-es","12":"pa_colore-delle-foglie-azul","13":"pa_condizionamento-clt-es","14":"pa_condizionamento-placa","15":"pa_condizionamento-vs-es","16":"pa_famiglia-pinaceae-es","17":"pa_genere-picea-es","18":"pa_inquinamento-resistente-al-smog","19":"pa_origine-mexico-es","20":"pa_portamento-arrotondato-es","21":"pa_resistenza-climatica-muy-elevada","22":"pa_resistenza-del-suolo-resistente-a-los-suelos-calcareos","23":"pa_resistenza-del-suolo-resistente-a-los-suelos-secos","24":"pa_salinita-resistente-alla-salsedine-es","25":"pa_utilizzo-parques","26":"pa_utilizzo-pequenos-jardines","28":"first","29":"instock","30":"purchasable","31":"product-type-simple"},"acf":[],"_links":{"self":[{"href":"https:\/\/innocentiemangonipiante.it\/es\/wp-json\/wp\/v2\/product\/16540","targetHints":{"allow":["GET"]}}],"collection":[{"href":"https:\/\/innocentiemangonipiante.it\/es\/wp-json\/wp\/v2\/product"}],"about":[{"href":"https:\/\/innocentiemangonipiante.it\/es\/wp-json\/wp\/v2\/types\/product"}],"wp:featuredmedia":[{"embeddable":true,"href":"https:\/\/innocentiemangonipiante.it\/es\/wp-json\/wp\/v2\/media\/4533"}],"wp:attachment":[{"href":"https:\/\/innocentiemangonipiante.it\/es\/wp-json\/wp\/v2\/media?parent=16540"}],"wp:term":[{"taxonomy":"product_brand","embeddable":true,"href":"https:\/\/innocentiemangonipiante.it\/es\/wp-json\/wp\/v2\/product_brand?post=16540"},{"taxonomy":"product_cat","embeddable":true,"href":"https:\/\/innocentiemangonipiante.it\/es\/wp-json\/wp\/v2\/product_cat?post=16540"},{"taxonomy":"product_tag","embeddable":true,"href":"https:\/\/innocentiemangonipiante.it\/es\/wp-json\/wp\/v2\/product_tag?post=16540"}],"curies":[{"name":"wp","href":"https:\/\/api.w.org\/{rel}","templated":true}]}}