{"id":16542,"date":"2023-11-04T02:18:33","date_gmt":"2023-11-04T01:18:33","guid":{"rendered":"http:\/\/innocentiemangonipiante.it\/picea-pungens-erich-frahm\/"},"modified":"2023-11-09T09:50:53","modified_gmt":"2023-11-09T08:50:53","slug":"picea-pungens-erich-frahm","status":"publish","type":"product","link":"https:\/\/innocentiemangonipiante.it\/es\/picea-pungens-erich-frahm\/","title":{"rendered":"PICEA pungens &#8216;Erich Frahm&#8217;"},"content":{"rendered":"<p>Una buena alternativa al P. Hopsii. Tiene forma compacta y porte m\u00e1s denso,con hojas m\u00e1s peque\u00f1as pero siempre de color azul muy intenso.<\/p>\n","protected":false},"excerpt":{"rendered":"<p>Una buena alternativa al P. Hopsii. Tiene forma compacta y porte m\u00e1s denso,con hojas m\u00e1s peque\u00f1as pero siempre de color azul muy intenso.<\/p>\n","protected":false},"featured_media":4521,"template":"","meta":{"_acf_changed":false},"product_brand":[],"product_cat":[8826],"product_tag":[10899],"class_list":{"0":"post-16542","1":"product","2":"type-product","3":"status-publish","4":"has-post-thumbnail","6":"product_cat-coniferas","7":"product_tag-natural-es","8":"pa_altezza-massima-1000-es-2","9":"pa_altezza-massima-15-metros","10":"pa_colore-delle-foglie-azul","11":"pa_condizionamento-clt-es","12":"pa_condizionamento-placa","13":"pa_famiglia-pinaceae-es","14":"pa_genere-picea-es","15":"pa_inquinamento-resistente-al-smog","16":"pa_origine-alemania","17":"pa_portamento-conico-es","18":"pa_resistenza-climatica-muy-elevada","19":"pa_resistenza-del-suolo-resistente-a-los-suelos-secos","20":"pa_utilizzo-parques","21":"pa_utilizzo-pequenos-jardines","23":"first","24":"instock","25":"purchasable","26":"product-type-simple"},"acf":[],"_links":{"self":[{"href":"https:\/\/innocentiemangonipiante.it\/es\/wp-json\/wp\/v2\/product\/16542","targetHints":{"allow":["GET"]}}],"collection":[{"href":"https:\/\/innocentiemangonipiante.it\/es\/wp-json\/wp\/v2\/product"}],"about":[{"href":"https:\/\/innocentiemangonipiante.it\/es\/wp-json\/wp\/v2\/types\/product"}],"wp:featuredmedia":[{"embeddable":true,"href":"https:\/\/innocentiemangonipiante.it\/es\/wp-json\/wp\/v2\/media\/4521"}],"wp:attachment":[{"href":"https:\/\/innocentiemangonipiante.it\/es\/wp-json\/wp\/v2\/media?parent=16542"}],"wp:term":[{"taxonomy":"product_brand","embeddable":true,"href":"https:\/\/innocentiemangonipiante.it\/es\/wp-json\/wp\/v2\/product_brand?post=16542"},{"taxonomy":"product_cat","embeddable":true,"href":"https:\/\/innocentiemangonipiante.it\/es\/wp-json\/wp\/v2\/product_cat?post=16542"},{"taxonomy":"product_tag","embeddable":true,"href":"https:\/\/innocentiemangonipiante.it\/es\/wp-json\/wp\/v2\/product_tag?post=16542"}],"curies":[{"name":"wp","href":"https:\/\/api.w.org\/{rel}","templated":true}]}}