{"id":16546,"date":"2023-11-04T02:17:46","date_gmt":"2023-11-04T01:17:46","guid":{"rendered":"http:\/\/innocentiemangonipiante.it\/picea-glauca-conica\/"},"modified":"2023-11-09T09:50:04","modified_gmt":"2023-11-09T08:50:04","slug":"picea-glauca-conica","status":"publish","type":"product","link":"https:\/\/innocentiemangonipiante.it\/es\/picea-glauca-conica\/","title":{"rendered":"PICEA glauca &#8216;Conica&#8217;"},"content":{"rendered":"<p>Con\u00edfera de porte c\u00f3nico, con agujas cuadrangulares azules-verdes, extendidas en los lados de los brotes. El crecimiento es lento, la planta es muy r\u00fastica si bien es sensible a los ataques de la ara\u00f1a roja, especialmente en los climas \u00e1ridos.<\/p>\n","protected":false},"excerpt":{"rendered":"<p>Con\u00edfera de porte c\u00f3nico, con agujas cuadrangulares azules-verdes, extendidas en los lados de los brotes. El crecimiento es lento, la planta es muy r\u00fastica si bien es sensible a los ataques de la ara\u00f1a roja, especialmente en los climas \u00e1ridos.<\/p>\n","protected":false},"featured_media":4497,"template":"","meta":{"_acf_changed":false},"product_brand":[],"product_cat":[8826],"product_tag":[10899],"class_list":{"0":"post-16546","1":"product","2":"type-product","3":"status-publish","4":"has-post-thumbnail","6":"product_cat-coniferas","7":"product_tag-natural-es","8":"pa_altezza-massima-200-es","9":"pa_altezza-massima-300-es","10":"pa_colore-delle-foglie-azul","11":"pa_condizionamento-clt-es","12":"pa_condizionamento-vs-es","13":"pa_famiglia-pinaceae-es","14":"pa_genere-picea-es","15":"pa_origine-canada-es","16":"pa_portamento-conico-es","17":"pa_resistenza-climatica-muy-elevada","18":"pa_resistenza-del-suolo-resistente-a-los-suelos-calcareos","19":"pa_utilizzo-parques","20":"pa_utilizzo-pequenos-jardines","22":"first","23":"instock","24":"purchasable","25":"product-type-simple"},"acf":[],"_links":{"self":[{"href":"https:\/\/innocentiemangonipiante.it\/es\/wp-json\/wp\/v2\/product\/16546","targetHints":{"allow":["GET"]}}],"collection":[{"href":"https:\/\/innocentiemangonipiante.it\/es\/wp-json\/wp\/v2\/product"}],"about":[{"href":"https:\/\/innocentiemangonipiante.it\/es\/wp-json\/wp\/v2\/types\/product"}],"wp:featuredmedia":[{"embeddable":true,"href":"https:\/\/innocentiemangonipiante.it\/es\/wp-json\/wp\/v2\/media\/4497"}],"wp:attachment":[{"href":"https:\/\/innocentiemangonipiante.it\/es\/wp-json\/wp\/v2\/media?parent=16546"}],"wp:term":[{"taxonomy":"product_brand","embeddable":true,"href":"https:\/\/innocentiemangonipiante.it\/es\/wp-json\/wp\/v2\/product_brand?post=16546"},{"taxonomy":"product_cat","embeddable":true,"href":"https:\/\/innocentiemangonipiante.it\/es\/wp-json\/wp\/v2\/product_cat?post=16546"},{"taxonomy":"product_tag","embeddable":true,"href":"https:\/\/innocentiemangonipiante.it\/es\/wp-json\/wp\/v2\/product_tag?post=16546"}],"curies":[{"name":"wp","href":"https:\/\/api.w.org\/{rel}","templated":true}]}}