{"id":16550,"date":"2023-11-04T02:17:00","date_gmt":"2023-11-04T01:17:00","guid":{"rendered":"http:\/\/innocentiemangonipiante.it\/picea-abies\/"},"modified":"2023-11-09T09:49:34","modified_gmt":"2023-11-09T08:49:34","slug":"picea-abies","status":"publish","type":"product","link":"https:\/\/innocentiemangonipiante.it\/es\/picea-abies\/","title":{"rendered":"PICEA abies"},"content":{"rendered":"<p>Con\u00edfera en forma c\u00f3nica con corteza de color rojo-marr\u00f3n, con agujas cuadrangulares de color verde oscuro, de hasta 2,5 cm de largo. Produce conos femeninos, cil\u00edndricos, verdes y luego marrones. Se usa normalmente como \u00c1rbol de Navidad.<\/p>\n","protected":false},"excerpt":{"rendered":"<p>Con\u00edfera en forma c\u00f3nica con corteza de color rojo-marr\u00f3n, con agujas cuadrangulares de color verde oscuro, de hasta 2,5 cm de largo. Produce conos femeninos, cil\u00edndricos, verdes y luego marrones. Se usa normalmente como \u00c1rbol de Navidad.<\/p>\n","protected":false},"featured_media":4473,"template":"","meta":{"_acf_changed":false},"product_brand":[],"product_cat":[8826],"product_tag":[10899],"class_list":{"0":"post-16550","1":"product","2":"type-product","3":"status-publish","4":"has-post-thumbnail","6":"product_cat-coniferas","7":"product_tag-natural-es","8":"pa_altezza-massima-30-metros","9":"pa_altezza-massima-40-metros","10":"pa_condizionamento-clt-es","11":"pa_condizionamento-placa","12":"pa_condizionamento-vs-es","13":"pa_famiglia-pinaceae-es","14":"pa_genere-picea-es","15":"pa_origine-norte-de-europa-es-2","16":"pa_portamento-conico-es","17":"pa_resistenza-climatica-muy-elevada","18":"pa_resistenza-del-suolo-resistente-a-los-suelos-secos","19":"pa_utilizzo-parques","21":"first","22":"instock","23":"purchasable","24":"product-type-simple"},"acf":[],"_links":{"self":[{"href":"https:\/\/innocentiemangonipiante.it\/es\/wp-json\/wp\/v2\/product\/16550","targetHints":{"allow":["GET"]}}],"collection":[{"href":"https:\/\/innocentiemangonipiante.it\/es\/wp-json\/wp\/v2\/product"}],"about":[{"href":"https:\/\/innocentiemangonipiante.it\/es\/wp-json\/wp\/v2\/types\/product"}],"wp:featuredmedia":[{"embeddable":true,"href":"https:\/\/innocentiemangonipiante.it\/es\/wp-json\/wp\/v2\/media\/4473"}],"wp:attachment":[{"href":"https:\/\/innocentiemangonipiante.it\/es\/wp-json\/wp\/v2\/media?parent=16550"}],"wp:term":[{"taxonomy":"product_brand","embeddable":true,"href":"https:\/\/innocentiemangonipiante.it\/es\/wp-json\/wp\/v2\/product_brand?post=16550"},{"taxonomy":"product_cat","embeddable":true,"href":"https:\/\/innocentiemangonipiante.it\/es\/wp-json\/wp\/v2\/product_cat?post=16550"},{"taxonomy":"product_tag","embeddable":true,"href":"https:\/\/innocentiemangonipiante.it\/es\/wp-json\/wp\/v2\/product_tag?post=16550"}],"curies":[{"name":"wp","href":"https:\/\/api.w.org\/{rel}","templated":true}]}}