{"id":16561,"date":"2023-11-04T02:24:28","date_gmt":"2023-11-04T01:24:28","guid":{"rendered":"http:\/\/innocentiemangonipiante.it\/pinus-sylvestris\/"},"modified":"2023-11-09T09:55:25","modified_gmt":"2023-11-09T08:55:25","slug":"pinus-sylvestris","status":"publish","type":"product","link":"https:\/\/innocentiemangonipiante.it\/es\/pinus-sylvestris\/","title":{"rendered":"PINUS sylvestris"},"content":{"rendered":"<p>\u00c1rbol de grande desarrollo de porte inicialmente c\u00f3nico, m\u00e1s abierto y irregular con los a\u00f1os. Corteza de color rojizo que se escama en placas finas. Hojas aciculares, finas, dispuestas en la rama en grupos de 2, de 5 a 8 cm de largo, de color verde azul-gris verde.<\/p>\n","protected":false},"excerpt":{"rendered":"<p>\u00c1rbol de grande desarrollo de porte inicialmente c\u00f3nico, m\u00e1s abierto y irregular con los a\u00f1os. Corteza de color rojizo que se escama en placas finas. Hojas aciculares, finas, dispuestas en la rama en grupos de 2, de 5 a 8 cm de largo, de color verde azul-gris verde.<\/p>\n","protected":false},"featured_media":4647,"template":"","meta":{"_acf_changed":false},"product_brand":[],"product_cat":[8826],"product_tag":[10899,6253,8566,8598,8500,8718,13896,8402,8422],"class_list":{"0":"post-16561","1":"product","2":"type-product","3":"status-publish","4":"has-post-thumbnail","6":"product_cat-coniferas","7":"product_tag-natural-es","8":"product_tag-bonsai-es","9":"product_tag-medio-tallo","10":"product_tag-multitronco-es-2","11":"product_tag-multitronco-con-copa-sombrilla","12":"product_tag-pompons-es","13":"product_tag-pompons-tronco-s-es","14":"product_tag-tallo-alto","15":"product_tag-tronco-alto-esfera","16":"pa_altezza-massima-20-metros","17":"pa_altezza-massima-30-metros","18":"pa_colore-delle-foglie-grises-es","19":"pa_condizionamento-bol","20":"pa_condizionamento-clt-es","21":"pa_condizionamento-jarron-decorativo","22":"pa_condizionamento-placa","23":"pa_condizionamento-vs-es","24":"pa_famiglia-pinaceae-es","25":"pa_genere-pinus-es","26":"pa_inquinamento-resistente-al-smog","27":"pa_origine-europa-central","28":"pa_portamento-arrotondato-es","29":"pa_resistenza-climatica-muy-elevada","30":"pa_resistenza-del-suolo-resistente-a-los-suelos-secos","31":"pa_salinita-resistente-alla-salsedine-es","32":"pa_utilizzo-parques","34":"first","35":"instock","36":"purchasable","37":"product-type-simple"},"acf":[],"_links":{"self":[{"href":"https:\/\/innocentiemangonipiante.it\/es\/wp-json\/wp\/v2\/product\/16561","targetHints":{"allow":["GET"]}}],"collection":[{"href":"https:\/\/innocentiemangonipiante.it\/es\/wp-json\/wp\/v2\/product"}],"about":[{"href":"https:\/\/innocentiemangonipiante.it\/es\/wp-json\/wp\/v2\/types\/product"}],"wp:featuredmedia":[{"embeddable":true,"href":"https:\/\/innocentiemangonipiante.it\/es\/wp-json\/wp\/v2\/media\/4647"}],"wp:attachment":[{"href":"https:\/\/innocentiemangonipiante.it\/es\/wp-json\/wp\/v2\/media?parent=16561"}],"wp:term":[{"taxonomy":"product_brand","embeddable":true,"href":"https:\/\/innocentiemangonipiante.it\/es\/wp-json\/wp\/v2\/product_brand?post=16561"},{"taxonomy":"product_cat","embeddable":true,"href":"https:\/\/innocentiemangonipiante.it\/es\/wp-json\/wp\/v2\/product_cat?post=16561"},{"taxonomy":"product_tag","embeddable":true,"href":"https:\/\/innocentiemangonipiante.it\/es\/wp-json\/wp\/v2\/product_tag?post=16561"}],"curies":[{"name":"wp","href":"https:\/\/api.w.org\/{rel}","templated":true}]}}