{"id":16563,"date":"2023-11-04T02:23:22","date_gmt":"2023-11-04T01:23:22","guid":{"rendered":"http:\/\/innocentiemangonipiante.it\/pinus-pinea\/"},"modified":"2023-11-09T09:54:19","modified_gmt":"2023-11-09T08:54:19","slug":"pinus-pinea","status":"publish","type":"product","link":"https:\/\/innocentiemangonipiante.it\/es\/pinus-pinea\/","title":{"rendered":"PINUS pinea"},"content":{"rendered":"<p>Con\u00edfera grande t\u00edpica del paisaje mediterr\u00e1neo, con un porte original en forma de sombrilla. La corteza a placas irregulares es de color naranjagris-marr\u00f3n. El follaje acicular es de color verde oscuro, l\u00facido.<\/p>\n","protected":false},"excerpt":{"rendered":"<p>Con\u00edfera grande t\u00edpica del paisaje mediterr\u00e1neo, con un porte original en forma de sombrilla. La corteza a placas irregulares es de color naranjagris-marr\u00f3n. El follaje acicular es de color verde oscuro, l\u00facido.<\/p>\n","protected":false},"featured_media":4641,"template":"","meta":{"_acf_changed":false},"product_brand":[],"product_cat":[8826],"product_tag":[10899],"class_list":{"0":"post-16563","1":"product","2":"type-product","3":"status-publish","4":"has-post-thumbnail","6":"product_cat-coniferas","7":"product_tag-natural-es","8":"pa_altezza-massima-15-metros","9":"pa_altezza-massima-25-metros","10":"pa_condizionamento-clt-es","11":"pa_famiglia-pinaceae-es","12":"pa_genere-pinus-es","13":"pa_inquinamento-resistente-al-smog","14":"pa_origine-sur-de-europa-es","15":"pa_periodo-fruttificazione-octubre","16":"pa_periodo-fruttificazione-septiembre","17":"pa_portamento-arrotondato-es","18":"pa_resistenza-climatica-media-elevada","19":"pa_salinita-resistente-alla-salsedine-es","20":"pa_utilizzo-parques","22":"first","23":"instock","24":"purchasable","25":"product-type-simple"},"acf":[],"_links":{"self":[{"href":"https:\/\/innocentiemangonipiante.it\/es\/wp-json\/wp\/v2\/product\/16563","targetHints":{"allow":["GET"]}}],"collection":[{"href":"https:\/\/innocentiemangonipiante.it\/es\/wp-json\/wp\/v2\/product"}],"about":[{"href":"https:\/\/innocentiemangonipiante.it\/es\/wp-json\/wp\/v2\/types\/product"}],"wp:featuredmedia":[{"embeddable":true,"href":"https:\/\/innocentiemangonipiante.it\/es\/wp-json\/wp\/v2\/media\/4641"}],"wp:attachment":[{"href":"https:\/\/innocentiemangonipiante.it\/es\/wp-json\/wp\/v2\/media?parent=16563"}],"wp:term":[{"taxonomy":"product_brand","embeddable":true,"href":"https:\/\/innocentiemangonipiante.it\/es\/wp-json\/wp\/v2\/product_brand?post=16563"},{"taxonomy":"product_cat","embeddable":true,"href":"https:\/\/innocentiemangonipiante.it\/es\/wp-json\/wp\/v2\/product_cat?post=16563"},{"taxonomy":"product_tag","embeddable":true,"href":"https:\/\/innocentiemangonipiante.it\/es\/wp-json\/wp\/v2\/product_tag?post=16563"}],"curies":[{"name":"wp","href":"https:\/\/api.w.org\/{rel}","templated":true}]}}