{"id":16564,"date":"2023-11-04T02:23:01","date_gmt":"2023-11-04T01:23:01","guid":{"rendered":"http:\/\/innocentiemangonipiante.it\/pinus-nigra-marie-bregeon\/"},"modified":"2023-11-09T09:54:05","modified_gmt":"2023-11-09T08:54:05","slug":"pinus-nigra-marie-bregeon","status":"publish","type":"product","link":"https:\/\/innocentiemangonipiante.it\/es\/pinus-nigra-marie-bregeon\/","title":{"rendered":"PINUS nigra &#8216;Marie Bregeon&#8217;"},"content":{"rendered":"<p>Cruce entre Pinus Nigra y Densifolia. Porte elegante, con largas ac\u00edculas verdes y tiernas. Su forma natural es redondeada sin necesidad de poda. Denso y compacto, crece s\u00f3lo 5-10 cm al a\u00f1o.<\/p>\n","protected":false},"excerpt":{"rendered":"<p>Cruce entre Pinus Nigra y Densifolia. Porte elegante, con largas ac\u00edculas verdes y tiernas. Su forma natural es redondeada sin necesidad de poda. Denso y compacto, crece s\u00f3lo 5-10 cm al a\u00f1o.<\/p>\n","protected":false},"featured_media":4628,"template":"","meta":{"_acf_changed":false},"product_brand":[],"product_cat":[8826],"product_tag":[10899,8737,8566],"class_list":{"0":"post-16564","1":"product","2":"type-product","3":"status-publish","4":"has-post-thumbnail","6":"product_cat-coniferas","7":"product_tag-natural-es","8":"product_tag-cuarto-de-tallo","9":"product_tag-medio-tallo","10":"pa_altezza-massima-0_50-metros","11":"pa_altezza-massima-100-es","12":"pa_condizionamento-clt-es","13":"pa_famiglia-pinaceae-es","14":"pa_genere-pinus-es","15":"pa_inquinamento-resistente-al-smog","16":"pa_origine-suiza","17":"pa_portamento-arrotondato-es","18":"pa_resistenza-climatica-muy-elevada","19":"pa_resistenza-del-suolo-resistente-a-los-suelos-calcareos","20":"pa_salinita-resistente-alla-salsedine-es","21":"pa_utilizzo-balcones","22":"pa_utilizzo-pequenos-jardines","24":"first","25":"instock","26":"purchasable","27":"product-type-simple"},"acf":[],"_links":{"self":[{"href":"https:\/\/innocentiemangonipiante.it\/es\/wp-json\/wp\/v2\/product\/16564","targetHints":{"allow":["GET"]}}],"collection":[{"href":"https:\/\/innocentiemangonipiante.it\/es\/wp-json\/wp\/v2\/product"}],"about":[{"href":"https:\/\/innocentiemangonipiante.it\/es\/wp-json\/wp\/v2\/types\/product"}],"wp:featuredmedia":[{"embeddable":true,"href":"https:\/\/innocentiemangonipiante.it\/es\/wp-json\/wp\/v2\/media\/4628"}],"wp:attachment":[{"href":"https:\/\/innocentiemangonipiante.it\/es\/wp-json\/wp\/v2\/media?parent=16564"}],"wp:term":[{"taxonomy":"product_brand","embeddable":true,"href":"https:\/\/innocentiemangonipiante.it\/es\/wp-json\/wp\/v2\/product_brand?post=16564"},{"taxonomy":"product_cat","embeddable":true,"href":"https:\/\/innocentiemangonipiante.it\/es\/wp-json\/wp\/v2\/product_cat?post=16564"},{"taxonomy":"product_tag","embeddable":true,"href":"https:\/\/innocentiemangonipiante.it\/es\/wp-json\/wp\/v2\/product_tag?post=16564"}],"curies":[{"name":"wp","href":"https:\/\/api.w.org\/{rel}","templated":true}]}}