{"id":16568,"date":"2023-11-04T02:22:16","date_gmt":"2023-11-04T01:22:16","guid":{"rendered":"http:\/\/innocentiemangonipiante.it\/pinus-nigra-austriaca\/"},"modified":"2023-11-09T09:53:29","modified_gmt":"2023-11-09T08:53:29","slug":"pinus-nigra-austriaca","status":"publish","type":"product","link":"https:\/\/innocentiemangonipiante.it\/es\/pinus-nigra-austriaca\/","title":{"rendered":"PINUS nigra &#8216;Austriaca&#8217;"},"content":{"rendered":"<p>Con\u00edfera con c\u00fapula. Las ramas son extendidas la corteza es marr\u00f3n y negra. Las agujas son rectas, de color verde oscuro, apareadas. Produce conos femeninos largos 6-8 cm de color amarillo-marr\u00f3n.<\/p>\n","protected":false},"excerpt":{"rendered":"<p>Con\u00edfera con c\u00fapula. Las ramas son extendidas la corteza es marr\u00f3n y negra. Las agujas son rectas, de color verde oscuro, apareadas. Produce conos femeninos largos 6-8 cm de color amarillo-marr\u00f3n.<\/p>\n","protected":false},"featured_media":4609,"template":"","meta":{"_acf_changed":false},"product_brand":[],"product_cat":[8826],"product_tag":[10899,6253,8718,8402],"class_list":{"0":"post-16568","1":"product","2":"type-product","3":"status-publish","4":"has-post-thumbnail","6":"product_cat-coniferas","7":"product_tag-natural-es","8":"product_tag-bonsai-es","9":"product_tag-pompons-es","10":"product_tag-tallo-alto","11":"pa_altezza-massima-20-metros","12":"pa_altezza-massima-30-metros","13":"pa_colore-delle-foglie-grises-es","14":"pa_condizionamento-clt-es","15":"pa_condizionamento-placa","16":"pa_condizionamento-vs-es","17":"pa_famiglia-pinaceae-es","18":"pa_genere-pinus-es","19":"pa_inquinamento-resistente-al-smog","20":"pa_origine-europa-central","21":"pa_portamento-piramidale-es","22":"pa_resistenza-climatica-muy-elevada","23":"pa_resistenza-del-suolo-resistente-a-los-suelos-calcareos","24":"pa_resistenza-del-suolo-resistente-a-los-suelos-secos","25":"pa_salinita-resistente-alla-salsedine-es","26":"pa_utilizzo-parques","28":"first","29":"instock","30":"purchasable","31":"product-type-simple"},"acf":[],"_links":{"self":[{"href":"https:\/\/innocentiemangonipiante.it\/es\/wp-json\/wp\/v2\/product\/16568","targetHints":{"allow":["GET"]}}],"collection":[{"href":"https:\/\/innocentiemangonipiante.it\/es\/wp-json\/wp\/v2\/product"}],"about":[{"href":"https:\/\/innocentiemangonipiante.it\/es\/wp-json\/wp\/v2\/types\/product"}],"wp:featuredmedia":[{"embeddable":true,"href":"https:\/\/innocentiemangonipiante.it\/es\/wp-json\/wp\/v2\/media\/4609"}],"wp:attachment":[{"href":"https:\/\/innocentiemangonipiante.it\/es\/wp-json\/wp\/v2\/media?parent=16568"}],"wp:term":[{"taxonomy":"product_brand","embeddable":true,"href":"https:\/\/innocentiemangonipiante.it\/es\/wp-json\/wp\/v2\/product_brand?post=16568"},{"taxonomy":"product_cat","embeddable":true,"href":"https:\/\/innocentiemangonipiante.it\/es\/wp-json\/wp\/v2\/product_cat?post=16568"},{"taxonomy":"product_tag","embeddable":true,"href":"https:\/\/innocentiemangonipiante.it\/es\/wp-json\/wp\/v2\/product_tag?post=16568"}],"curies":[{"name":"wp","href":"https:\/\/api.w.org\/{rel}","templated":true}]}}