{"id":16576,"date":"2023-11-04T02:20:35","date_gmt":"2023-11-04T01:20:35","guid":{"rendered":"http:\/\/innocentiemangonipiante.it\/pinus-halepensis\/"},"modified":"2023-11-09T09:52:06","modified_gmt":"2023-11-09T08:52:06","slug":"pinus-halepensis","status":"publish","type":"product","link":"https:\/\/innocentiemangonipiante.it\/es\/pinus-halepensis\/","title":{"rendered":"PINUS halepensis"},"content":{"rendered":"<p>\u201cAleppo pine\u201d. Con\u00edfera con porte c\u00f3nico, corteza roja-marr\u00f3n, agujas finas ralas, de color verde brillante, apareadas, de 6-11 cm de largo. Produce conos femeninos ovoides de 5-12 cm de largo de color rojo-marr\u00f3n.<\/p>\n","protected":false},"excerpt":{"rendered":"<p>\u201cAleppo pine\u201d. Con\u00edfera con porte c\u00f3nico, corteza roja-marr\u00f3n, agujas finas ralas, de color verde brillante, apareadas, de 6-11 cm de largo. Produce conos femeninos ovoides de 5-12 cm de largo de color rojo-marr\u00f3n.<\/p>\n","protected":false},"featured_media":4565,"template":"","meta":{"_acf_changed":false},"product_brand":[],"product_cat":[8826,9232],"product_tag":[10899,8598,8402],"class_list":{"0":"post-16576","1":"product","2":"type-product","3":"status-publish","4":"has-post-thumbnail","6":"product_cat-coniferas","7":"product_cat-arboles-y-plantas-del-futuro","8":"product_tag-natural-es","9":"product_tag-multitronco-es-2","10":"product_tag-tallo-alto","11":"pa_altezza-massima-15-metros","12":"pa_altezza-massima-20-metros","13":"pa_condizionamento-clt-es","14":"pa_condizionamento-vs-es","15":"pa_famiglia-pinaceae-es","16":"pa_genere-pinus-es","17":"pa_inquinamento-resistente-al-smog","18":"pa_origine-europa-mediterranea","19":"pa_portamento-arrotondato-es","20":"pa_resistenza-climatica-media-elevada","21":"pa_salinita-resistente-alla-salsedine-es","22":"pa_utilizzo-parques","24":"first","25":"instock","26":"purchasable","27":"product-type-simple"},"acf":[],"_links":{"self":[{"href":"https:\/\/innocentiemangonipiante.it\/es\/wp-json\/wp\/v2\/product\/16576","targetHints":{"allow":["GET"]}}],"collection":[{"href":"https:\/\/innocentiemangonipiante.it\/es\/wp-json\/wp\/v2\/product"}],"about":[{"href":"https:\/\/innocentiemangonipiante.it\/es\/wp-json\/wp\/v2\/types\/product"}],"wp:featuredmedia":[{"embeddable":true,"href":"https:\/\/innocentiemangonipiante.it\/es\/wp-json\/wp\/v2\/media\/4565"}],"wp:attachment":[{"href":"https:\/\/innocentiemangonipiante.it\/es\/wp-json\/wp\/v2\/media?parent=16576"}],"wp:term":[{"taxonomy":"product_brand","embeddable":true,"href":"https:\/\/innocentiemangonipiante.it\/es\/wp-json\/wp\/v2\/product_brand?post=16576"},{"taxonomy":"product_cat","embeddable":true,"href":"https:\/\/innocentiemangonipiante.it\/es\/wp-json\/wp\/v2\/product_cat?post=16576"},{"taxonomy":"product_tag","embeddable":true,"href":"https:\/\/innocentiemangonipiante.it\/es\/wp-json\/wp\/v2\/product_tag?post=16576"}],"curies":[{"name":"wp","href":"https:\/\/api.w.org\/{rel}","templated":true}]}}