{"id":16578,"date":"2023-11-04T02:25:42","date_gmt":"2023-11-04T01:25:42","guid":{"rendered":"http:\/\/innocentiemangonipiante.it\/pistacia-chinensis\/"},"modified":"2023-11-09T09:56:21","modified_gmt":"2023-11-09T08:56:21","slug":"pistacia-chinensis","status":"publish","type":"product","link":"https:\/\/innocentiemangonipiante.it\/es\/pistacia-chinensis\/","title":{"rendered":"PISTACIA chinensis"},"content":{"rendered":"<p>\u00c1rbol mediano, resistente a suelos pobres, caduco, hojas 20-25 cms. Floraci\u00f3n en pan\u00edculas. Fruto peque\u00f1o. Indicado para viales. Bella coloraci\u00f3n oto\u00f1al.<\/p>\n","protected":false},"excerpt":{"rendered":"<p>\u00c1rbol mediano, resistente a suelos pobres, caduco, hojas 20-25 cms. Floraci\u00f3n en pan\u00edculas. Fruto peque\u00f1o. Indicado para viales. Bella coloraci\u00f3n oto\u00f1al.<\/p>\n","protected":false},"featured_media":4678,"template":"","meta":{"_acf_changed":false},"product_brand":[],"product_cat":[8815,9232],"product_tag":[10899,8402],"class_list":{"0":"post-16578","1":"product","2":"type-product","3":"status-publish","4":"has-post-thumbnail","6":"product_cat-arboles-y-arbustos-persistentes","7":"product_cat-arboles-y-plantas-del-futuro","8":"product_tag-natural-es","9":"product_tag-tallo-alto","10":"pa_altezza-massima-800-es","11":"pa_altezza-massima-1000-es-2","12":"pa_colore-fioritura-blanco","13":"pa_condizionamento-placa","14":"pa_famiglia-anacardiaceae-es-2","15":"pa_genere-pistacia-es","16":"pa_origine-cina","17":"pa_periodo-fioritura-mayo","18":"pa_portamento-allargato-es","19":"pa_resistenza-climatica-media","20":"pa_resistenza-del-suolo-resistente-a-los-suelos-pobres","21":"pa_utilizzo-avenidas","22":"pa_utilizzo-parques","24":"first","25":"instock","26":"purchasable","27":"product-type-simple"},"acf":[],"_links":{"self":[{"href":"https:\/\/innocentiemangonipiante.it\/es\/wp-json\/wp\/v2\/product\/16578","targetHints":{"allow":["GET"]}}],"collection":[{"href":"https:\/\/innocentiemangonipiante.it\/es\/wp-json\/wp\/v2\/product"}],"about":[{"href":"https:\/\/innocentiemangonipiante.it\/es\/wp-json\/wp\/v2\/types\/product"}],"wp:featuredmedia":[{"embeddable":true,"href":"https:\/\/innocentiemangonipiante.it\/es\/wp-json\/wp\/v2\/media\/4678"}],"wp:attachment":[{"href":"https:\/\/innocentiemangonipiante.it\/es\/wp-json\/wp\/v2\/media?parent=16578"}],"wp:term":[{"taxonomy":"product_brand","embeddable":true,"href":"https:\/\/innocentiemangonipiante.it\/es\/wp-json\/wp\/v2\/product_brand?post=16578"},{"taxonomy":"product_cat","embeddable":true,"href":"https:\/\/innocentiemangonipiante.it\/es\/wp-json\/wp\/v2\/product_cat?post=16578"},{"taxonomy":"product_tag","embeddable":true,"href":"https:\/\/innocentiemangonipiante.it\/es\/wp-json\/wp\/v2\/product_tag?post=16578"}],"curies":[{"name":"wp","href":"https:\/\/api.w.org\/{rel}","templated":true}]}}