{"id":16585,"date":"2023-11-04T02:27:22","date_gmt":"2023-11-04T01:27:22","guid":{"rendered":"http:\/\/innocentiemangonipiante.it\/pittosporum-tobira-variegatum\/"},"modified":"2023-11-09T09:57:58","modified_gmt":"2023-11-09T08:57:58","slug":"pittosporum-tobira-variegatum","status":"publish","type":"product","link":"https:\/\/innocentiemangonipiante.it\/es\/pittosporum-tobira-variegatum\/","title":{"rendered":"PITTOSPORUM tobira &#8216;Variegatum&#8217;"},"content":{"rendered":"<p>El porte es m\u00e1s compacto y las hojas m\u00e1s peque\u00f1as con m\u00e1rgenes blancos irregulares.<\/p>\n","protected":false},"excerpt":{"rendered":"<p>El porte es m\u00e1s compacto y las hojas m\u00e1s peque\u00f1as con m\u00e1rgenes blancos irregulares.<\/p>\n","protected":false},"featured_media":4734,"template":"","meta":{"_acf_changed":false},"product_brand":[],"product_cat":[8815],"product_tag":[10899],"class_list":{"0":"post-16585","1":"product","2":"type-product","3":"status-publish","4":"has-post-thumbnail","6":"product_cat-arboles-y-arbustos-persistentes","7":"product_tag-natural-es","8":"pa_altezza-massima-300-es","9":"pa_altezza-massima-400-es","10":"pa_colore-delle-foglie-variegadas","11":"pa_colore-fioritura-amarillo","12":"pa_condizionamento-clt-es","13":"pa_famiglia-pittosporaceae-es","14":"pa_genere-pittosporum-es","15":"pa_origine-asia-oriental","16":"pa_periodo-fioritura-junio","17":"pa_portamento-arrotondato-es","18":"pa_profumo-intenso-es","19":"pa_resistenza-climatica-plantas-con-baja-resistencia-climatica","20":"pa_resistenza-del-suolo-resistente-a-los-suelos-calcareos","21":"pa_resistenza-del-suolo-resistente-a-los-suelos-secos","22":"pa_salinita-resistente-alla-salsedine-es","23":"pa_utilizzo-parques","24":"pa_utilizzo-pequenos-jardines","25":"pa_utilizzo-setos","27":"first","28":"instock","29":"purchasable","30":"product-type-simple"},"acf":[],"_links":{"self":[{"href":"https:\/\/innocentiemangonipiante.it\/es\/wp-json\/wp\/v2\/product\/16585","targetHints":{"allow":["GET"]}}],"collection":[{"href":"https:\/\/innocentiemangonipiante.it\/es\/wp-json\/wp\/v2\/product"}],"about":[{"href":"https:\/\/innocentiemangonipiante.it\/es\/wp-json\/wp\/v2\/types\/product"}],"wp:featuredmedia":[{"embeddable":true,"href":"https:\/\/innocentiemangonipiante.it\/es\/wp-json\/wp\/v2\/media\/4734"}],"wp:attachment":[{"href":"https:\/\/innocentiemangonipiante.it\/es\/wp-json\/wp\/v2\/media?parent=16585"}],"wp:term":[{"taxonomy":"product_brand","embeddable":true,"href":"https:\/\/innocentiemangonipiante.it\/es\/wp-json\/wp\/v2\/product_brand?post=16585"},{"taxonomy":"product_cat","embeddable":true,"href":"https:\/\/innocentiemangonipiante.it\/es\/wp-json\/wp\/v2\/product_cat?post=16585"},{"taxonomy":"product_tag","embeddable":true,"href":"https:\/\/innocentiemangonipiante.it\/es\/wp-json\/wp\/v2\/product_tag?post=16585"}],"curies":[{"name":"wp","href":"https:\/\/api.w.org\/{rel}","templated":true}]}}