{"id":16587,"date":"2023-11-04T02:27:05","date_gmt":"2023-11-04T01:27:05","guid":{"rendered":"http:\/\/innocentiemangonipiante.it\/pittosporum-tobira\/"},"modified":"2023-11-09T09:57:18","modified_gmt":"2023-11-09T08:57:18","slug":"pittosporum-tobira","status":"publish","type":"product","link":"https:\/\/innocentiemangonipiante.it\/es\/pittosporum-tobira\/","title":{"rendered":"PITTOSPORUM tobira"},"content":{"rendered":"<p>Arbusto grande, redondeado y espeso, con fuertes ramas erguidas y hojas alternas, obovadas y cori\u00e1ceas, de color verde intenso en la parte superior y m\u00e1s claro en el env\u00e9s, l\u00facidas. A principios de verano produce ramilletes de flores terminales acampanadas, perfumadas, de color blanco-crema \/amarillo.<\/p>\n","protected":false},"excerpt":{"rendered":"<p>Arbusto grande, redondeado y espeso, con fuertes ramas erguidas y hojas alternas, obovadas y cori\u00e1ceas, de color verde intenso en la parte superior y m\u00e1s claro en el env\u00e9s, l\u00facidas. A principios de verano produce ramilletes de flores terminales acampanadas, perfumadas, de color blanco-crema \/amarillo.<\/p>\n","protected":false},"featured_media":4722,"template":"","meta":{"_acf_changed":false},"product_brand":[],"product_cat":[8815,9232],"product_tag":[10899,8706,8494,8566,8500,8402],"class_list":{"0":"post-16587","1":"product","2":"type-product","3":"status-publish","4":"has-post-thumbnail","6":"product_cat-arboles-y-arbustos-persistentes","7":"product_cat-arboles-y-plantas-del-futuro","8":"product_tag-natural-es","9":"product_tag-bola","10":"product_tag-jardinera","11":"product_tag-medio-tallo","12":"product_tag-multitronco-con-copa-sombrilla","13":"product_tag-tallo-alto","14":"pa_altezza-massima-300-es","15":"pa_altezza-massima-600-es","16":"pa_colore-fioritura-amarillo","17":"pa_condizionamento-clt-es","18":"pa_famiglia-pittosporaceae-es","19":"pa_genere-pittosporum-es","20":"pa_inquinamento-resistente-al-smog","21":"pa_origine-asia-oriental","22":"pa_periodo-fioritura-junio","23":"pa_portamento-arrotondato-es","24":"pa_profumo-intenso-es","25":"pa_resistenza-climatica-plantas-con-baja-resistencia-climatica","26":"pa_resistenza-del-suolo-resistente-a-los-suelos-calcareos","27":"pa_resistenza-del-suolo-resistente-a-los-suelos-secos","28":"pa_salinita-resistente-alla-salsedine-es","29":"pa_utilizzo-parques","30":"pa_utilizzo-pequenos-jardines","31":"pa_utilizzo-setos","33":"first","34":"instock","35":"purchasable","36":"product-type-simple"},"acf":[],"_links":{"self":[{"href":"https:\/\/innocentiemangonipiante.it\/es\/wp-json\/wp\/v2\/product\/16587","targetHints":{"allow":["GET"]}}],"collection":[{"href":"https:\/\/innocentiemangonipiante.it\/es\/wp-json\/wp\/v2\/product"}],"about":[{"href":"https:\/\/innocentiemangonipiante.it\/es\/wp-json\/wp\/v2\/types\/product"}],"wp:featuredmedia":[{"embeddable":true,"href":"https:\/\/innocentiemangonipiante.it\/es\/wp-json\/wp\/v2\/media\/4722"}],"wp:attachment":[{"href":"https:\/\/innocentiemangonipiante.it\/es\/wp-json\/wp\/v2\/media?parent=16587"}],"wp:term":[{"taxonomy":"product_brand","embeddable":true,"href":"https:\/\/innocentiemangonipiante.it\/es\/wp-json\/wp\/v2\/product_brand?post=16587"},{"taxonomy":"product_cat","embeddable":true,"href":"https:\/\/innocentiemangonipiante.it\/es\/wp-json\/wp\/v2\/product_cat?post=16587"},{"taxonomy":"product_tag","embeddable":true,"href":"https:\/\/innocentiemangonipiante.it\/es\/wp-json\/wp\/v2\/product_tag?post=16587"}],"curies":[{"name":"wp","href":"https:\/\/api.w.org\/{rel}","templated":true}]}}