{"id":16588,"date":"2023-11-04T02:27:51","date_gmt":"2023-11-04T01:27:51","guid":{"rendered":"http:\/\/innocentiemangonipiante.it\/platanus-orientalis-minaret\/"},"modified":"2023-11-09T09:58:17","modified_gmt":"2023-11-09T08:58:17","slug":"platanus-orientalis-minaret","status":"publish","type":"product","link":"https:\/\/innocentiemangonipiante.it\/es\/platanus-orientalis-minaret\/","title":{"rendered":"PLATANUS orientalis &#8216;Minaret&#8217;"},"content":{"rendered":"<p>\u00c1rbol caduco, con forma columnar y tronco gris que se deshoja. La corteza es de color marr\u00f3n y crema y las hojas verde oscuro con l\u00f3bulos muy pronunciados.<\/p>\n","protected":false},"excerpt":{"rendered":"<p>\u00c1rbol caduco, con forma columnar y tronco gris que se deshoja. La corteza es de color marr\u00f3n y crema y las hojas verde oscuro con l\u00f3bulos muy pronunciados.<\/p>\n","protected":false},"featured_media":4763,"template":"","meta":{"_acf_changed":false},"product_brand":[],"product_cat":[8814],"product_tag":[10899,8402],"class_list":{"0":"post-16588","1":"product","2":"type-product","3":"status-publish","4":"has-post-thumbnail","6":"product_cat-arboles-y-arbustos-de-hoja-caduca","7":"product_tag-natural-es","8":"product_tag-tallo-alto","9":"pa_altezza-massima-800-es","10":"pa_altezza-massima-12-metros","11":"pa_condizionamento-placa","12":"pa_famiglia-platanaceae-es","13":"pa_genere-platanus-es","14":"pa_inquinamento-resistente-al-smog","15":"pa_origine-holanda","16":"pa_portamento-de-columna-es","17":"pa_resistenza-climatica-muy-elevada","18":"pa_resistenza-del-suolo-resistente-a-los-suelos-pobres","19":"pa_utilizzo-avenidas","20":"pa_utilizzo-parques","22":"first","23":"instock","24":"purchasable","25":"product-type-simple"},"acf":[],"_links":{"self":[{"href":"https:\/\/innocentiemangonipiante.it\/es\/wp-json\/wp\/v2\/product\/16588","targetHints":{"allow":["GET"]}}],"collection":[{"href":"https:\/\/innocentiemangonipiante.it\/es\/wp-json\/wp\/v2\/product"}],"about":[{"href":"https:\/\/innocentiemangonipiante.it\/es\/wp-json\/wp\/v2\/types\/product"}],"wp:featuredmedia":[{"embeddable":true,"href":"https:\/\/innocentiemangonipiante.it\/es\/wp-json\/wp\/v2\/media\/4763"}],"wp:attachment":[{"href":"https:\/\/innocentiemangonipiante.it\/es\/wp-json\/wp\/v2\/media?parent=16588"}],"wp:term":[{"taxonomy":"product_brand","embeddable":true,"href":"https:\/\/innocentiemangonipiante.it\/es\/wp-json\/wp\/v2\/product_brand?post=16588"},{"taxonomy":"product_cat","embeddable":true,"href":"https:\/\/innocentiemangonipiante.it\/es\/wp-json\/wp\/v2\/product_cat?post=16588"},{"taxonomy":"product_tag","embeddable":true,"href":"https:\/\/innocentiemangonipiante.it\/es\/wp-json\/wp\/v2\/product_tag?post=16588"}],"curies":[{"name":"wp","href":"https:\/\/api.w.org\/{rel}","templated":true}]}}