{"id":16591,"date":"2023-11-04T02:27:30","date_gmt":"2023-11-04T01:27:30","guid":{"rendered":"http:\/\/innocentiemangonipiante.it\/platanus-orientalis\/"},"modified":"2023-11-09T09:58:04","modified_gmt":"2023-11-09T08:58:04","slug":"platanus-orientalis","status":"publish","type":"product","link":"https:\/\/innocentiemangonipiante.it\/es\/platanus-orientalis\/","title":{"rendered":"PLATANUS orientalis"},"content":{"rendered":"<p>\u00c1rbol fuerte extendido caduco, con corteza a placas de color gris, marr\u00f3n y crema. Hojas de 5 l\u00f3bulos profundos, de color verde l\u00facido, de hasta 25 cm de largo.<\/p>\n","protected":false},"excerpt":{"rendered":"<p>\u00c1rbol fuerte extendido caduco, con corteza a placas de color gris, marr\u00f3n y crema. Hojas de 5 l\u00f3bulos profundos, de color verde l\u00facido, de hasta 25 cm de largo.<\/p>\n","protected":false},"featured_media":4745,"template":"","meta":{"_acf_changed":false},"product_brand":[],"product_cat":[8814,9232],"product_tag":[10899,8402],"class_list":{"0":"post-16591","1":"product","2":"type-product","3":"status-publish","4":"has-post-thumbnail","6":"product_cat-arboles-y-arbustos-de-hoja-caduca","7":"product_cat-arboles-y-plantas-del-futuro","8":"product_tag-natural-es","9":"product_tag-tallo-alto","10":"pa_altezza-massima-20-metros","11":"pa_altezza-massima-30-metros","12":"pa_condizionamento-placa","13":"pa_famiglia-platanaceae-es","14":"pa_genere-platanus-es","15":"pa_inquinamento-resistente-al-smog","16":"pa_origine-sur-de-europa-es","17":"pa_portamento-arrotondato-es","18":"pa_resistenza-climatica-muy-elevada","19":"pa_resistenza-del-suolo-resistente-a-los-suelos-pobres","20":"pa_utilizzo-avenidas","21":"pa_utilizzo-parques","23":"first","24":"instock","25":"purchasable","26":"product-type-simple"},"acf":[],"_links":{"self":[{"href":"https:\/\/innocentiemangonipiante.it\/es\/wp-json\/wp\/v2\/product\/16591","targetHints":{"allow":["GET"]}}],"collection":[{"href":"https:\/\/innocentiemangonipiante.it\/es\/wp-json\/wp\/v2\/product"}],"about":[{"href":"https:\/\/innocentiemangonipiante.it\/es\/wp-json\/wp\/v2\/types\/product"}],"wp:featuredmedia":[{"embeddable":true,"href":"https:\/\/innocentiemangonipiante.it\/es\/wp-json\/wp\/v2\/media\/4745"}],"wp:attachment":[{"href":"https:\/\/innocentiemangonipiante.it\/es\/wp-json\/wp\/v2\/media?parent=16591"}],"wp:term":[{"taxonomy":"product_brand","embeddable":true,"href":"https:\/\/innocentiemangonipiante.it\/es\/wp-json\/wp\/v2\/product_brand?post=16591"},{"taxonomy":"product_cat","embeddable":true,"href":"https:\/\/innocentiemangonipiante.it\/es\/wp-json\/wp\/v2\/product_cat?post=16591"},{"taxonomy":"product_tag","embeddable":true,"href":"https:\/\/innocentiemangonipiante.it\/es\/wp-json\/wp\/v2\/product_tag?post=16591"}],"curies":[{"name":"wp","href":"https:\/\/api.w.org\/{rel}","templated":true}]}}