{"id":16593,"date":"2023-11-04T02:27:59","date_gmt":"2023-11-04T01:27:59","guid":{"rendered":"http:\/\/innocentiemangonipiante.it\/platanus-x-acerifolia\/"},"modified":"2023-11-09T09:58:21","modified_gmt":"2023-11-09T08:58:21","slug":"platanus-x-acerifolia","status":"publish","type":"product","link":"https:\/\/innocentiemangonipiante.it\/es\/platanus-x-acerifolia\/","title":{"rendered":"PLATANUS x acerifolia"},"content":{"rendered":"<p>\u00c1rbol fuerte caduco. Las hojas son alternadas, de 3-5 l\u00f3bulos, triangulares, de 12 a 15 cm. La corteza gris se descorteza en placas finas mostrando la coloraci\u00f3n marr\u00f3n-crema del tronco.<\/p>\n","protected":false},"excerpt":{"rendered":"<p>\u00c1rbol fuerte caduco. Las hojas son alternadas, de 3-5 l\u00f3bulos, triangulares, de 12 a 15 cm. La corteza gris se descorteza en placas finas mostrando la coloraci\u00f3n marr\u00f3n-crema del tronco.<\/p>\n","protected":false},"featured_media":4769,"template":"","meta":{"_acf_changed":false},"product_brand":[],"product_cat":[8814],"product_tag":[10899,8598,8402,8434,8426],"class_list":{"0":"post-16593","1":"product","2":"type-product","3":"status-publish","4":"has-post-thumbnail","6":"product_cat-arboles-y-arbustos-de-hoja-caduca","7":"product_tag-natural-es","8":"product_tag-multitronco-es-2","9":"product_tag-tallo-alto","10":"product_tag-techo-de-tronco-alto","11":"product_tag-tronco-alto-espaldera","12":"pa_altezza-massima-30-metros","13":"pa_altezza-massima-40-metros","14":"pa_condizionamento-clt-es","15":"pa_condizionamento-placa","16":"pa_famiglia-platanaceae-es","17":"pa_genere-platanus-es","18":"pa_inquinamento-resistente-al-smog","19":"pa_origine-inglaterra","20":"pa_portamento-arrotondato-es","21":"pa_resistenza-climatica-muy-elevada","22":"pa_resistenza-del-suolo-resistente-a-los-suelos-calcareos","23":"pa_resistenza-del-suolo-resistente-a-los-suelos-pobres","24":"pa_salinita-resistente-alla-salsedine-es","25":"pa_utilizzo-avenidas","26":"pa_utilizzo-parques","27":"pa_utilizzo-pequenos-jardines","29":"first","30":"instock","31":"purchasable","32":"product-type-simple"},"acf":[],"_links":{"self":[{"href":"https:\/\/innocentiemangonipiante.it\/es\/wp-json\/wp\/v2\/product\/16593","targetHints":{"allow":["GET"]}}],"collection":[{"href":"https:\/\/innocentiemangonipiante.it\/es\/wp-json\/wp\/v2\/product"}],"about":[{"href":"https:\/\/innocentiemangonipiante.it\/es\/wp-json\/wp\/v2\/types\/product"}],"wp:featuredmedia":[{"embeddable":true,"href":"https:\/\/innocentiemangonipiante.it\/es\/wp-json\/wp\/v2\/media\/4769"}],"wp:attachment":[{"href":"https:\/\/innocentiemangonipiante.it\/es\/wp-json\/wp\/v2\/media?parent=16593"}],"wp:term":[{"taxonomy":"product_brand","embeddable":true,"href":"https:\/\/innocentiemangonipiante.it\/es\/wp-json\/wp\/v2\/product_brand?post=16593"},{"taxonomy":"product_cat","embeddable":true,"href":"https:\/\/innocentiemangonipiante.it\/es\/wp-json\/wp\/v2\/product_cat?post=16593"},{"taxonomy":"product_tag","embeddable":true,"href":"https:\/\/innocentiemangonipiante.it\/es\/wp-json\/wp\/v2\/product_tag?post=16593"}],"curies":[{"name":"wp","href":"https:\/\/api.w.org\/{rel}","templated":true}]}}