{"id":16595,"date":"2023-11-04T02:28:29","date_gmt":"2023-11-04T01:28:29","guid":{"rendered":"http:\/\/innocentiemangonipiante.it\/polygonum-baldschuanicum\/"},"modified":"2023-11-09T09:58:40","modified_gmt":"2023-11-09T08:58:40","slug":"polygonum-baldschuanicum","status":"publish","type":"product","link":"https:\/\/innocentiemangonipiante.it\/es\/polygonum-baldschuanicum\/","title":{"rendered":"POLYGONUM baldschuanicum"},"content":{"rendered":"<p>Arbusto trepador caduco, de crecimiento muy r\u00e1pido. Desde el verano hasta el oto\u00f1o produce flores blancas agrupadas en yemas p\u00e9ndulas.<\/p>\n","protected":false},"excerpt":{"rendered":"<p>Arbusto trepador caduco, de crecimiento muy r\u00e1pido. Desde el verano hasta el oto\u00f1o produce flores blancas agrupadas en yemas p\u00e9ndulas.<\/p>\n","protected":false},"featured_media":4782,"template":"","meta":{"_acf_changed":false},"product_brand":[],"product_cat":[8838],"product_tag":[10899],"class_list":{"0":"post-16595","1":"product","2":"type-product","3":"status-publish","4":"has-post-thumbnail","6":"product_cat-enredaderas","7":"product_tag-natural-es","8":"pa_altezza-massima-800-es","9":"pa_altezza-massima-12-metros","10":"pa_colore-fioritura-blanco","11":"pa_condizionamento-clt-es","12":"pa_famiglia-polygonaceae-es","13":"pa_genere-polygonum-es","14":"pa_origine-asia-es","15":"pa_periodo-fioritura-agosto-es","16":"pa_periodo-fioritura-julio","17":"pa_periodo-fioritura-septiembre","18":"pa_portamento-enredadera","19":"pa_resistenza-climatica-muy-elevada","20":"pa_resistenza-del-suolo-resistente-a-los-suelos-calcareos","21":"pa_salinita-resistente-alla-salsedine-es","22":"pa_utilizzo-parques","23":"pa_utilizzo-pequenos-jardines","25":"first","26":"instock","27":"purchasable","28":"product-type-simple"},"acf":[],"_links":{"self":[{"href":"https:\/\/innocentiemangonipiante.it\/es\/wp-json\/wp\/v2\/product\/16595","targetHints":{"allow":["GET"]}}],"collection":[{"href":"https:\/\/innocentiemangonipiante.it\/es\/wp-json\/wp\/v2\/product"}],"about":[{"href":"https:\/\/innocentiemangonipiante.it\/es\/wp-json\/wp\/v2\/types\/product"}],"wp:featuredmedia":[{"embeddable":true,"href":"https:\/\/innocentiemangonipiante.it\/es\/wp-json\/wp\/v2\/media\/4782"}],"wp:attachment":[{"href":"https:\/\/innocentiemangonipiante.it\/es\/wp-json\/wp\/v2\/media?parent=16595"}],"wp:term":[{"taxonomy":"product_brand","embeddable":true,"href":"https:\/\/innocentiemangonipiante.it\/es\/wp-json\/wp\/v2\/product_brand?post=16595"},{"taxonomy":"product_cat","embeddable":true,"href":"https:\/\/innocentiemangonipiante.it\/es\/wp-json\/wp\/v2\/product_cat?post=16595"},{"taxonomy":"product_tag","embeddable":true,"href":"https:\/\/innocentiemangonipiante.it\/es\/wp-json\/wp\/v2\/product_tag?post=16595"}],"curies":[{"name":"wp","href":"https:\/\/api.w.org\/{rel}","templated":true}]}}