{"id":16601,"date":"2023-11-04T02:28:57","date_gmt":"2023-11-04T01:28:57","guid":{"rendered":"http:\/\/innocentiemangonipiante.it\/populus-alba\/"},"modified":"2023-11-09T09:58:58","modified_gmt":"2023-11-09T08:58:58","slug":"populus-alba","status":"publish","type":"product","link":"https:\/\/innocentiemangonipiante.it\/es\/populus-alba\/","title":{"rendered":"POPULUS alba"},"content":{"rendered":"<p>\u00c1rbol caduco de porte extendido y de crecimiento muy r\u00e1pido. Las hojas, de 5 l\u00f3bulos, con m\u00e1rgenes ondulados y de forma casi redondeada, son de color verde oscuro en la parte superior y aterciopeladas en el env\u00e9s gracias a los espesos y finos pelitos blancos que se desarrollan.<\/p>\n","protected":false},"excerpt":{"rendered":"<p>\u00c1rbol caduco de porte extendido y de crecimiento muy r\u00e1pido. Las hojas, de 5 l\u00f3bulos, con m\u00e1rgenes ondulados y de forma casi redondeada, son de color verde oscuro en la parte superior y aterciopeladas en el env\u00e9s gracias a los espesos y finos pelitos blancos que se desarrollan.<\/p>\n","protected":false},"featured_media":4800,"template":"","meta":{"_acf_changed":false},"product_brand":[],"product_cat":[8814],"product_tag":[10899,10903,8402],"class_list":{"0":"post-16601","1":"product","2":"type-product","3":"status-publish","4":"has-post-thumbnail","6":"product_cat-arboles-y-arbustos-de-hoja-caduca","7":"product_tag-natural-es","8":"product_tag-recepado","9":"product_tag-tallo-alto","10":"pa_altezza-massima-20-metros","11":"pa_altezza-massima-30-metros","12":"pa_condizionamento-clt-es","13":"pa_condizionamento-placa","14":"pa_condizionamento-raiz-desnuda","15":"pa_famiglia-salicaceae-es","16":"pa_genere-populus-es","17":"pa_inquinamento-resistente-al-smog","18":"pa_origine-europa-mediterranea","19":"pa_portamento-allargato-es","20":"pa_resistenza-climatica-muy-elevada","21":"pa_resistenza-del-suolo-resistente-a-la-humedad","22":"pa_resistenza-del-suolo-resistente-a-los-suelos-secos","23":"pa_salinita-resistente-alla-salsedine-es","24":"pa_utilizzo-avenidas","25":"pa_utilizzo-parques","27":"first","28":"instock","29":"purchasable","30":"product-type-simple"},"acf":[],"_links":{"self":[{"href":"https:\/\/innocentiemangonipiante.it\/es\/wp-json\/wp\/v2\/product\/16601","targetHints":{"allow":["GET"]}}],"collection":[{"href":"https:\/\/innocentiemangonipiante.it\/es\/wp-json\/wp\/v2\/product"}],"about":[{"href":"https:\/\/innocentiemangonipiante.it\/es\/wp-json\/wp\/v2\/types\/product"}],"wp:featuredmedia":[{"embeddable":true,"href":"https:\/\/innocentiemangonipiante.it\/es\/wp-json\/wp\/v2\/media\/4800"}],"wp:attachment":[{"href":"https:\/\/innocentiemangonipiante.it\/es\/wp-json\/wp\/v2\/media?parent=16601"}],"wp:term":[{"taxonomy":"product_brand","embeddable":true,"href":"https:\/\/innocentiemangonipiante.it\/es\/wp-json\/wp\/v2\/product_brand?post=16601"},{"taxonomy":"product_cat","embeddable":true,"href":"https:\/\/innocentiemangonipiante.it\/es\/wp-json\/wp\/v2\/product_cat?post=16601"},{"taxonomy":"product_tag","embeddable":true,"href":"https:\/\/innocentiemangonipiante.it\/es\/wp-json\/wp\/v2\/product_tag?post=16601"}],"curies":[{"name":"wp","href":"https:\/\/api.w.org\/{rel}","templated":true}]}}