{"id":16603,"date":"2023-11-04T02:30:29","date_gmt":"2023-11-04T01:30:29","guid":{"rendered":"http:\/\/innocentiemangonipiante.it\/prunus-avium-plena\/"},"modified":"2023-11-09T10:00:22","modified_gmt":"2023-11-09T09:00:22","slug":"prunus-avium-plena","status":"publish","type":"product","link":"https:\/\/innocentiemangonipiante.it\/es\/prunus-avium-plena\/","title":{"rendered":"PRUNUS avium &#8216;Plena&#8217;"},"content":{"rendered":"<p>\u00c1rbol peque\u00f1o caduco de porte extendido. La corteza marr\u00f3n presenta un estriado rojizo. Las hojas ovaladas-oblongas, de color verde oscuro cambian a rojo en oto\u00f1o. En abril-mayo produce flores dobles de color blanco de 2-3 cm de di\u00e1metro.<\/p>\n","protected":false},"excerpt":{"rendered":"<p>\u00c1rbol peque\u00f1o caduco de porte extendido. La corteza marr\u00f3n presenta un estriado rojizo. Las hojas ovaladas-oblongas, de color verde oscuro cambian a rojo en oto\u00f1o. En abril-mayo produce flores dobles de color blanco de 2-3 cm de di\u00e1metro.<\/p>\n","protected":false},"featured_media":23998,"template":"","meta":{"_acf_changed":false},"product_brand":[],"product_cat":[8814],"product_tag":[10899,8402],"class_list":{"0":"post-16603","1":"product","2":"type-product","3":"status-publish","4":"has-post-thumbnail","6":"product_cat-arboles-y-arbustos-de-hoja-caduca","7":"product_tag-natural-es","8":"product_tag-tallo-alto","9":"pa_altezza-massima-600-es","10":"pa_altezza-massima-12-metros","11":"pa_colore-fioritura-blanco","12":"pa_condizionamento-clt-es","13":"pa_condizionamento-placa","14":"pa_famiglia-rosaceae-es","15":"pa_genere-prunus-es","16":"pa_inquinamento-resistente-al-smog","17":"pa_origine-sur-de-europa-es","18":"pa_periodo-fioritura-abril","19":"pa_periodo-fioritura-mayo","20":"pa_periodo-fruttificazione-junio","21":"pa_portamento-arrotondato-es","22":"pa_profumo-delicato-es","23":"pa_resistenza-climatica-muy-elevada","24":"pa_resistenza-del-suolo-resistente-a-los-suelos-calcareos","25":"pa_salinita-resistente-alla-salsedine-es","26":"pa_utilizzo-avenidas","27":"pa_utilizzo-parques","29":"first","30":"instock","31":"purchasable","32":"product-type-simple"},"acf":[],"_links":{"self":[{"href":"https:\/\/innocentiemangonipiante.it\/es\/wp-json\/wp\/v2\/product\/16603","targetHints":{"allow":["GET"]}}],"collection":[{"href":"https:\/\/innocentiemangonipiante.it\/es\/wp-json\/wp\/v2\/product"}],"about":[{"href":"https:\/\/innocentiemangonipiante.it\/es\/wp-json\/wp\/v2\/types\/product"}],"wp:featuredmedia":[{"embeddable":true,"href":"https:\/\/innocentiemangonipiante.it\/es\/wp-json\/wp\/v2\/media\/23998"}],"wp:attachment":[{"href":"https:\/\/innocentiemangonipiante.it\/es\/wp-json\/wp\/v2\/media?parent=16603"}],"wp:term":[{"taxonomy":"product_brand","embeddable":true,"href":"https:\/\/innocentiemangonipiante.it\/es\/wp-json\/wp\/v2\/product_brand?post=16603"},{"taxonomy":"product_cat","embeddable":true,"href":"https:\/\/innocentiemangonipiante.it\/es\/wp-json\/wp\/v2\/product_cat?post=16603"},{"taxonomy":"product_tag","embeddable":true,"href":"https:\/\/innocentiemangonipiante.it\/es\/wp-json\/wp\/v2\/product_tag?post=16603"}],"curies":[{"name":"wp","href":"https:\/\/api.w.org\/{rel}","templated":true}]}}