{"id":16611,"date":"2023-11-04T02:34:21","date_gmt":"2023-11-04T01:34:21","guid":{"rendered":"http:\/\/innocentiemangonipiante.it\/prunus-serrulata-kiku-shidare-sakura\/"},"modified":"2023-11-09T10:03:46","modified_gmt":"2023-11-09T09:03:46","slug":"prunus-serrulata-kiku-shidare-sakura","status":"publish","type":"product","link":"https:\/\/innocentiemangonipiante.it\/es\/prunus-serrulata-kiku-shidare-sakura\/","title":{"rendered":"PRUNUS serrulata &#8216;Kiku-Shidare-Sakura&#8217;"},"content":{"rendered":"<p>\u00c1rbol caduco de porte p\u00e9ndulo. Las hojas, de 8 a 10 cm de largo, de forma el\u00edptica, son bronceadas al inicio y luego de color verde oscuro. Flores rosas, dobles, que miden hasta 6 cm de di\u00e1metro, a principios de mayo.<\/p>\n","protected":false},"excerpt":{"rendered":"<p>\u00c1rbol caduco de porte p\u00e9ndulo. Las hojas, de 8 a 10 cm de largo, de forma el\u00edptica, son bronceadas al inicio y luego de color verde oscuro. Flores rosas, dobles, que miden hasta 6 cm de di\u00e1metro, a principios de mayo.<\/p>\n","protected":false},"featured_media":4965,"template":"","meta":{"_acf_changed":false},"product_brand":[],"product_cat":[8814],"product_tag":[10899,8566,8402],"class_list":{"0":"post-16611","1":"product","2":"type-product","3":"status-publish","4":"has-post-thumbnail","6":"product_cat-arboles-y-arbustos-de-hoja-caduca","7":"product_tag-natural-es","8":"product_tag-medio-tallo","9":"product_tag-tallo-alto","10":"pa_altezza-massima-500-es","11":"pa_altezza-massima-1000-es-2","12":"pa_arte-topiaria-disponible-planta-en-forma","13":"pa_colore-fioritura-rosado","14":"pa_condizionamento-clt-es","15":"pa_condizionamento-placa","16":"pa_famiglia-rosaceae-es","17":"pa_genere-prunus-es","18":"pa_inquinamento-resistente-al-smog","19":"pa_origine-asia-oriental","20":"pa_periodo-fioritura-mayo","21":"pa_portamento-piangente-es","22":"pa_resistenza-climatica-muy-elevada","23":"pa_resistenza-del-suolo-resistente-a-los-suelos-calcareos","24":"pa_utilizzo-parques","25":"pa_utilizzo-pequenos-jardines","27":"first","28":"instock","29":"purchasable","30":"product-type-simple"},"acf":[],"_links":{"self":[{"href":"https:\/\/innocentiemangonipiante.it\/es\/wp-json\/wp\/v2\/product\/16611","targetHints":{"allow":["GET"]}}],"collection":[{"href":"https:\/\/innocentiemangonipiante.it\/es\/wp-json\/wp\/v2\/product"}],"about":[{"href":"https:\/\/innocentiemangonipiante.it\/es\/wp-json\/wp\/v2\/types\/product"}],"wp:featuredmedia":[{"embeddable":true,"href":"https:\/\/innocentiemangonipiante.it\/es\/wp-json\/wp\/v2\/media\/4965"}],"wp:attachment":[{"href":"https:\/\/innocentiemangonipiante.it\/es\/wp-json\/wp\/v2\/media?parent=16611"}],"wp:term":[{"taxonomy":"product_brand","embeddable":true,"href":"https:\/\/innocentiemangonipiante.it\/es\/wp-json\/wp\/v2\/product_brand?post=16611"},{"taxonomy":"product_cat","embeddable":true,"href":"https:\/\/innocentiemangonipiante.it\/es\/wp-json\/wp\/v2\/product_cat?post=16611"},{"taxonomy":"product_tag","embeddable":true,"href":"https:\/\/innocentiemangonipiante.it\/es\/wp-json\/wp\/v2\/product_tag?post=16611"}],"curies":[{"name":"wp","href":"https:\/\/api.w.org\/{rel}","templated":true}]}}