{"id":16619,"date":"2023-11-04T02:33:54","date_gmt":"2023-11-04T01:33:54","guid":{"rendered":"http:\/\/innocentiemangonipiante.it\/prunus-sargentii-rancho\/"},"modified":"2023-11-09T10:03:26","modified_gmt":"2023-11-09T09:03:26","slug":"prunus-sargentii-rancho","status":"publish","type":"product","link":"https:\/\/innocentiemangonipiante.it\/es\/prunus-sargentii-rancho\/","title":{"rendered":"PRUNUS sargentii &#8216;Rancho&#8217;"},"content":{"rendered":"<p>El m\u00e1s peque\u00f1o de la especie, tiene un porte m\u00e1s erecto y una ancha corona. Las hojas nacen marrones y viran al verde en verano. Color oto\u00f1al rojo anaranjado. Abundant\u00edsima floraci\u00f3n rosa a mediados de abril, seguido de brillantes frutos de color naranja, rojo y violeta oscuro.<\/p>\n","protected":false},"excerpt":{"rendered":"<p>El m\u00e1s peque\u00f1o de la especie, tiene un porte m\u00e1s erecto y una ancha corona. Las hojas nacen marrones y viran al verde en verano. Color oto\u00f1al rojo anaranjado. Abundant\u00edsima floraci\u00f3n rosa a mediados de abril, seguido de brillantes frutos de color naranja, rojo y violeta oscuro.<\/p>\n","protected":false},"featured_media":24055,"template":"","meta":{"_acf_changed":false},"product_brand":[],"product_cat":[8814],"product_tag":[10899,8598,8402],"class_list":{"0":"post-16619","1":"product","2":"type-product","3":"status-publish","4":"has-post-thumbnail","6":"product_cat-arboles-y-arbustos-de-hoja-caduca","7":"product_tag-natural-es","8":"product_tag-multitronco-es-2","9":"product_tag-tallo-alto","10":"pa_altezza-massima-500-es","11":"pa_altezza-massima-800-es","12":"pa_colore-fioritura-rosado","13":"pa_condizionamento-clt-es","14":"pa_condizionamento-placa","15":"pa_famiglia-rosaceae-es","16":"pa_genere-prunus-es","17":"pa_inquinamento-resistente-al-smog","18":"pa_origine-origine-delle-piante-u-s-a-es","19":"pa_periodo-fioritura-abril","20":"pa_portamento-de-columna-es","21":"pa_resistenza-climatica-muy-elevada","22":"pa_resistenza-del-suolo-resistente-a-los-suelos-calcareos","23":"pa_utilizzo-avenidas","24":"pa_utilizzo-parques","26":"first","27":"instock","28":"purchasable","29":"product-type-simple"},"acf":[],"_links":{"self":[{"href":"https:\/\/innocentiemangonipiante.it\/es\/wp-json\/wp\/v2\/product\/16619","targetHints":{"allow":["GET"]}}],"collection":[{"href":"https:\/\/innocentiemangonipiante.it\/es\/wp-json\/wp\/v2\/product"}],"about":[{"href":"https:\/\/innocentiemangonipiante.it\/es\/wp-json\/wp\/v2\/types\/product"}],"wp:featuredmedia":[{"embeddable":true,"href":"https:\/\/innocentiemangonipiante.it\/es\/wp-json\/wp\/v2\/media\/24055"}],"wp:attachment":[{"href":"https:\/\/innocentiemangonipiante.it\/es\/wp-json\/wp\/v2\/media?parent=16619"}],"wp:term":[{"taxonomy":"product_brand","embeddable":true,"href":"https:\/\/innocentiemangonipiante.it\/es\/wp-json\/wp\/v2\/product_brand?post=16619"},{"taxonomy":"product_cat","embeddable":true,"href":"https:\/\/innocentiemangonipiante.it\/es\/wp-json\/wp\/v2\/product_cat?post=16619"},{"taxonomy":"product_tag","embeddable":true,"href":"https:\/\/innocentiemangonipiante.it\/es\/wp-json\/wp\/v2\/product_tag?post=16619"}],"curies":[{"name":"wp","href":"https:\/\/api.w.org\/{rel}","templated":true}]}}