{"id":16622,"date":"2023-11-04T02:33:34","date_gmt":"2023-11-04T01:33:34","guid":{"rendered":"http:\/\/innocentiemangonipiante.it\/prunus-padus\/"},"modified":"2023-11-09T10:03:13","modified_gmt":"2023-11-09T09:03:13","slug":"prunus-padus","status":"publish","type":"product","link":"https:\/\/innocentiemangonipiante.it\/es\/prunus-padus\/","title":{"rendered":"PRUNUS padus"},"content":{"rendered":"<p>Caduco, flores blancas en abril-mayo, con perfume de almendra y abundantes yemas. Coloraci\u00f3n oto\u00f1al amarillo rojizo. Peque\u00f1os frutos negros muy apreciados por los p\u00e1jaros.<\/p>\n","protected":false},"excerpt":{"rendered":"<p>Caduco, flores blancas en abril-mayo, con perfume de almendra y abundantes yemas. Coloraci\u00f3n oto\u00f1al amarillo rojizo. Peque\u00f1os frutos negros muy apreciados por los p\u00e1jaros.<\/p>\n","protected":false},"featured_media":4939,"template":"","meta":{"_acf_changed":false},"product_brand":[],"product_cat":[8814],"product_tag":[10899,8402],"class_list":{"0":"post-16622","1":"product","2":"type-product","3":"status-publish","4":"has-post-thumbnail","6":"product_cat-arboles-y-arbustos-de-hoja-caduca","7":"product_tag-natural-es","8":"product_tag-tallo-alto","9":"pa_altezza-massima-600-es","10":"pa_altezza-massima-900-es","11":"pa_colore-fioritura-blanco","12":"pa_condizionamento-clt-es","13":"pa_condizionamento-placa","14":"pa_famiglia-rosaceae-es","15":"pa_genere-prunus-es","16":"pa_origine-europa-central","17":"pa_periodo-fioritura-abril","18":"pa_periodo-fioritura-mayo","19":"pa_portamento-arrotondato-es","20":"pa_profumo-intenso-es","21":"pa_resistenza-climatica-muy-elevada","22":"pa_utilizzo-parques","23":"pa_utilizzo-pequenos-jardines","25":"first","26":"instock","27":"purchasable","28":"product-type-simple"},"acf":[],"_links":{"self":[{"href":"https:\/\/innocentiemangonipiante.it\/es\/wp-json\/wp\/v2\/product\/16622","targetHints":{"allow":["GET"]}}],"collection":[{"href":"https:\/\/innocentiemangonipiante.it\/es\/wp-json\/wp\/v2\/product"}],"about":[{"href":"https:\/\/innocentiemangonipiante.it\/es\/wp-json\/wp\/v2\/types\/product"}],"wp:featuredmedia":[{"embeddable":true,"href":"https:\/\/innocentiemangonipiante.it\/es\/wp-json\/wp\/v2\/media\/4939"}],"wp:attachment":[{"href":"https:\/\/innocentiemangonipiante.it\/es\/wp-json\/wp\/v2\/media?parent=16622"}],"wp:term":[{"taxonomy":"product_brand","embeddable":true,"href":"https:\/\/innocentiemangonipiante.it\/es\/wp-json\/wp\/v2\/product_brand?post=16622"},{"taxonomy":"product_cat","embeddable":true,"href":"https:\/\/innocentiemangonipiante.it\/es\/wp-json\/wp\/v2\/product_cat?post=16622"},{"taxonomy":"product_tag","embeddable":true,"href":"https:\/\/innocentiemangonipiante.it\/es\/wp-json\/wp\/v2\/product_tag?post=16622"}],"curies":[{"name":"wp","href":"https:\/\/api.w.org\/{rel}","templated":true}]}}