{"id":16623,"date":"2023-11-04T02:30:07","date_gmt":"2023-11-04T01:30:07","guid":{"rendered":"http:\/\/innocentiemangonipiante.it\/prunus-pandora\/"},"modified":"2023-11-09T09:59:44","modified_gmt":"2023-11-09T08:59:44","slug":"prunus-pandora","status":"publish","type":"product","link":"https:\/\/innocentiemangonipiante.it\/es\/prunus-pandora\/","title":{"rendered":"PRUNUS &#8216;Pandora&#8217;"},"content":{"rendered":"<p>Peque\u00f1o \u00e1rbol con forma de corona columnar . Floraci\u00f3n blanca a finales de marzo. Hojas bronceadas que viran al verde en primavera. Bella coloraci\u00f3n oto\u00f1al. Muy elegante para parques y jardines y tambi\u00e9n para viales.<\/p>\n","protected":false},"excerpt":{"rendered":"<p>Peque\u00f1o \u00e1rbol con forma de corona columnar . Floraci\u00f3n blanca a finales de marzo. Hojas bronceadas que viran al verde en primavera. Bella coloraci\u00f3n oto\u00f1al. Muy elegante para parques y jardines y tambi\u00e9n para viales.<\/p>\n","protected":false},"featured_media":4842,"template":"","meta":{"_acf_changed":false},"product_brand":[],"product_cat":[8814],"product_tag":[10899,8598,8402],"class_list":{"0":"post-16623","1":"product","2":"type-product","3":"status-publish","4":"has-post-thumbnail","6":"product_cat-arboles-y-arbustos-de-hoja-caduca","7":"product_tag-natural-es","8":"product_tag-multitronco-es-2","9":"product_tag-tallo-alto","10":"pa_altezza-massima-800-es","11":"pa_altezza-massima-1000-es-2","12":"pa_colore-fioritura-blanco","13":"pa_condizionamento-clt-es","14":"pa_condizionamento-placa","15":"pa_famiglia-rosaceae-es","16":"pa_genere-prunus-es","17":"pa_inquinamento-resistente-al-smog","18":"pa_origine-europe-es","19":"pa_periodo-fioritura-marzo-es","20":"pa_portamento-de-columna-es","21":"pa_profumo-delicato-es","22":"pa_resistenza-climatica-muy-elevada","23":"pa_resistenza-del-suolo-resistente-a-los-suelos-calcareos","24":"pa_utilizzo-pequenos-jardines","26":"first","27":"instock","28":"purchasable","29":"product-type-simple"},"acf":[],"_links":{"self":[{"href":"https:\/\/innocentiemangonipiante.it\/es\/wp-json\/wp\/v2\/product\/16623","targetHints":{"allow":["GET"]}}],"collection":[{"href":"https:\/\/innocentiemangonipiante.it\/es\/wp-json\/wp\/v2\/product"}],"about":[{"href":"https:\/\/innocentiemangonipiante.it\/es\/wp-json\/wp\/v2\/types\/product"}],"wp:featuredmedia":[{"embeddable":true,"href":"https:\/\/innocentiemangonipiante.it\/es\/wp-json\/wp\/v2\/media\/4842"}],"wp:attachment":[{"href":"https:\/\/innocentiemangonipiante.it\/es\/wp-json\/wp\/v2\/media?parent=16623"}],"wp:term":[{"taxonomy":"product_brand","embeddable":true,"href":"https:\/\/innocentiemangonipiante.it\/es\/wp-json\/wp\/v2\/product_brand?post=16623"},{"taxonomy":"product_cat","embeddable":true,"href":"https:\/\/innocentiemangonipiante.it\/es\/wp-json\/wp\/v2\/product_cat?post=16623"},{"taxonomy":"product_tag","embeddable":true,"href":"https:\/\/innocentiemangonipiante.it\/es\/wp-json\/wp\/v2\/product_tag?post=16623"}],"curies":[{"name":"wp","href":"https:\/\/api.w.org\/{rel}","templated":true}]}}