{"id":16626,"date":"2023-11-04T02:33:21","date_gmt":"2023-11-04T01:33:21","guid":{"rendered":"http:\/\/innocentiemangonipiante.it\/prunus-maackii-amber-beauty\/"},"modified":"2023-11-09T10:02:40","modified_gmt":"2023-11-09T09:02:40","slug":"prunus-maackii-amber-beauty","status":"publish","type":"product","link":"https:\/\/innocentiemangonipiante.it\/es\/prunus-maackii-amber-beauty\/","title":{"rendered":"PRUNUS maackii &#8216;Amber Beauty&#8217;"},"content":{"rendered":"<p>\u00c1rbol caduco a crecimiento r\u00e1pido y porte antes estrechamente c\u00f3nico, despu\u00e9s con los a\u00f1os expandido-oval. Corteza lisa, luciente de color \u00e1mbar.<\/p>\n","protected":false},"excerpt":{"rendered":"<p>\u00c1rbol caduco a crecimiento r\u00e1pido y porte antes estrechamente c\u00f3nico, despu\u00e9s con los a\u00f1os expandido-oval. Corteza lisa, luciente de color \u00e1mbar.<\/p>\n","protected":false},"featured_media":4933,"template":"","meta":{"_acf_changed":false},"product_brand":[],"product_cat":[8814],"product_tag":[10899,8402],"class_list":{"0":"post-16626","1":"product","2":"type-product","3":"status-publish","4":"has-post-thumbnail","6":"product_cat-arboles-y-arbustos-de-hoja-caduca","7":"product_tag-natural-es","8":"product_tag-tallo-alto","9":"pa_altezza-massima-500-es","10":"pa_altezza-massima-1000-es-2","11":"pa_colore-fioritura-blanco","12":"pa_condizionamento-placa","13":"pa_famiglia-rosaceae-es","14":"pa_genere-prunus-es","15":"pa_origine-asia-oriental","16":"pa_periodo-fioritura-abril","17":"pa_portamento-conico-es","18":"pa_profumo-delicato-es","19":"pa_resistenza-climatica-muy-elevada","20":"pa_resistenza-del-suolo-resistente-a-la-humedad","21":"pa_resistenza-del-suolo-resistente-a-los-suelos-calcareos","22":"pa_utilizzo-parques","23":"pa_utilizzo-pequenos-jardines","25":"first","26":"instock","27":"purchasable","28":"product-type-simple"},"acf":[],"_links":{"self":[{"href":"https:\/\/innocentiemangonipiante.it\/es\/wp-json\/wp\/v2\/product\/16626","targetHints":{"allow":["GET"]}}],"collection":[{"href":"https:\/\/innocentiemangonipiante.it\/es\/wp-json\/wp\/v2\/product"}],"about":[{"href":"https:\/\/innocentiemangonipiante.it\/es\/wp-json\/wp\/v2\/types\/product"}],"wp:featuredmedia":[{"embeddable":true,"href":"https:\/\/innocentiemangonipiante.it\/es\/wp-json\/wp\/v2\/media\/4933"}],"wp:attachment":[{"href":"https:\/\/innocentiemangonipiante.it\/es\/wp-json\/wp\/v2\/media?parent=16626"}],"wp:term":[{"taxonomy":"product_brand","embeddable":true,"href":"https:\/\/innocentiemangonipiante.it\/es\/wp-json\/wp\/v2\/product_brand?post=16626"},{"taxonomy":"product_cat","embeddable":true,"href":"https:\/\/innocentiemangonipiante.it\/es\/wp-json\/wp\/v2\/product_cat?post=16626"},{"taxonomy":"product_tag","embeddable":true,"href":"https:\/\/innocentiemangonipiante.it\/es\/wp-json\/wp\/v2\/product_tag?post=16626"}],"curies":[{"name":"wp","href":"https:\/\/api.w.org\/{rel}","templated":true}]}}