{"id":16627,"date":"2023-11-04T02:32:52","date_gmt":"2023-11-04T01:32:52","guid":{"rendered":"http:\/\/innocentiemangonipiante.it\/prunus-lusitanica-angustifolia\/"},"modified":"2023-11-09T10:02:15","modified_gmt":"2023-11-09T09:02:15","slug":"prunus-lusitanica-angustifolia","status":"publish","type":"product","link":"https:\/\/innocentiemangonipiante.it\/es\/prunus-lusitanica-angustifolia\/","title":{"rendered":"PRUNUS lusitanica &#8216;Angustifolia&#8217;"},"content":{"rendered":"<p>Las hojas el\u00edpticas son m\u00e1s peque\u00f1as respecto a la variedad tipo. El crecimiento es m\u00e1s lento y la disposici\u00f3n es compacta y naturalmente c\u00f3nica.<\/p>\n","protected":false},"excerpt":{"rendered":"<p>Las hojas el\u00edpticas son m\u00e1s peque\u00f1as respecto a la variedad tipo. El crecimiento es m\u00e1s lento y la disposici\u00f3n es compacta y naturalmente c\u00f3nica.<\/p>\n","protected":false},"featured_media":4927,"template":"","meta":{"_acf_changed":false},"product_brand":[],"product_cat":[8814],"product_tag":[10899,8752,8706,8537,8737,8566,8402,8426],"class_list":{"0":"post-16627","1":"product","2":"type-product","3":"status-publish","4":"has-post-thumbnail","6":"product_cat-arboles-y-arbustos-de-hoja-caduca","7":"product_tag-natural-es","8":"product_tag-atras","9":"product_tag-bola","10":"product_tag-cono-es","11":"product_tag-cuarto-de-tallo","12":"product_tag-medio-tallo","13":"product_tag-tallo-alto","14":"product_tag-tronco-alto-espaldera","15":"pa_altezza-massima-600-es","16":"pa_altezza-massima-900-es","17":"pa_colore-fioritura-blanco","18":"pa_condizionamento-clt-es","19":"pa_condizionamento-placa","20":"pa_condizionamento-vs-es","21":"pa_famiglia-rosaceae-es","22":"pa_genere-prunus-es","23":"pa_origine-portugal-es","24":"pa_periodo-fioritura-junio","25":"pa_portamento-piramidale-es","26":"pa_profumo-intenso-es","27":"pa_resistenza-climatica-muy-elevada","28":"pa_resistenza-del-suolo-resistente-a-los-suelos-calcareos","29":"pa_utilizzo-parques","30":"pa_utilizzo-pequenos-jardines","32":"first","33":"instock","34":"purchasable","35":"product-type-simple"},"acf":[],"_links":{"self":[{"href":"https:\/\/innocentiemangonipiante.it\/es\/wp-json\/wp\/v2\/product\/16627","targetHints":{"allow":["GET"]}}],"collection":[{"href":"https:\/\/innocentiemangonipiante.it\/es\/wp-json\/wp\/v2\/product"}],"about":[{"href":"https:\/\/innocentiemangonipiante.it\/es\/wp-json\/wp\/v2\/types\/product"}],"wp:featuredmedia":[{"embeddable":true,"href":"https:\/\/innocentiemangonipiante.it\/es\/wp-json\/wp\/v2\/media\/4927"}],"wp:attachment":[{"href":"https:\/\/innocentiemangonipiante.it\/es\/wp-json\/wp\/v2\/media?parent=16627"}],"wp:term":[{"taxonomy":"product_brand","embeddable":true,"href":"https:\/\/innocentiemangonipiante.it\/es\/wp-json\/wp\/v2\/product_brand?post=16627"},{"taxonomy":"product_cat","embeddable":true,"href":"https:\/\/innocentiemangonipiante.it\/es\/wp-json\/wp\/v2\/product_cat?post=16627"},{"taxonomy":"product_tag","embeddable":true,"href":"https:\/\/innocentiemangonipiante.it\/es\/wp-json\/wp\/v2\/product_tag?post=16627"}],"curies":[{"name":"wp","href":"https:\/\/api.w.org\/{rel}","templated":true}]}}