{"id":16629,"date":"2023-11-04T02:32:26","date_gmt":"2023-11-04T01:32:26","guid":{"rendered":"http:\/\/innocentiemangonipiante.it\/prunus-laurocerasus-rotundifolia\/"},"modified":"2023-11-09T10:01:55","modified_gmt":"2023-11-09T09:01:55","slug":"prunus-laurocerasus-rotundifolia","status":"publish","type":"product","link":"https:\/\/innocentiemangonipiante.it\/es\/prunus-laurocerasus-rotundifolia\/","title":{"rendered":"PRUNUS laurocerasus &#8216;Rotundifolia&#8217;"},"content":{"rendered":"<p>Arbusto perenne, fuerte y erguido, excelente para la formaci\u00f3n de setos. Las hojas, alternadas, de el\u00edpticas a obovadas, de hasta 15 cm de largo, son de color verde medio, l\u00facidas. Las flores, blancas, agrupadas en peque\u00f1as panojas verticales de hasta 12 cm de largo, se producen en mayo-junio.<\/p>\n","protected":false},"excerpt":{"rendered":"<p>Arbusto perenne, fuerte y erguido, excelente para la formaci\u00f3n de setos. Las hojas, alternadas, de el\u00edpticas a obovadas, de hasta 15 cm de largo, son de color verde medio, l\u00facidas. Las flores, blancas, agrupadas en peque\u00f1as panojas verticales de hasta 12 cm de largo, se producen en mayo-junio.<\/p>\n","protected":false},"featured_media":4915,"template":"","meta":{"_acf_changed":false},"product_brand":[],"product_cat":[8814],"product_tag":[10899,8402,8426],"class_list":{"0":"post-16629","1":"product","2":"type-product","3":"status-publish","4":"has-post-thumbnail","6":"product_cat-arboles-y-arbustos-de-hoja-caduca","7":"product_tag-natural-es","8":"product_tag-tallo-alto","9":"product_tag-tronco-alto-espaldera","10":"pa_altezza-massima-400-es","11":"pa_altezza-massima-600-es","12":"pa_colore-fioritura-blanco","13":"pa_condizionamento-clt-es","14":"pa_condizionamento-placa","15":"pa_famiglia-rosaceae-es","16":"pa_genere-prunus-es","17":"pa_inquinamento-resistente-al-smog","18":"pa_origine-francia","19":"pa_periodo-fioritura-junio","20":"pa_periodo-fioritura-mayo","21":"pa_portamento-de-columna-es","22":"pa_profumo-delicato-es","23":"pa_resistenza-climatica-media-elevada","24":"pa_resistenza-del-suolo-resistente-a-los-suelos-calcareos","25":"pa_salinita-resistente-alla-salsedine-es","26":"pa_utilizzo-pequenos-jardines","27":"pa_utilizzo-setos","29":"first","30":"instock","31":"purchasable","32":"product-type-simple"},"acf":[],"_links":{"self":[{"href":"https:\/\/innocentiemangonipiante.it\/es\/wp-json\/wp\/v2\/product\/16629","targetHints":{"allow":["GET"]}}],"collection":[{"href":"https:\/\/innocentiemangonipiante.it\/es\/wp-json\/wp\/v2\/product"}],"about":[{"href":"https:\/\/innocentiemangonipiante.it\/es\/wp-json\/wp\/v2\/types\/product"}],"wp:featuredmedia":[{"embeddable":true,"href":"https:\/\/innocentiemangonipiante.it\/es\/wp-json\/wp\/v2\/media\/4915"}],"wp:attachment":[{"href":"https:\/\/innocentiemangonipiante.it\/es\/wp-json\/wp\/v2\/media?parent=16629"}],"wp:term":[{"taxonomy":"product_brand","embeddable":true,"href":"https:\/\/innocentiemangonipiante.it\/es\/wp-json\/wp\/v2\/product_brand?post=16629"},{"taxonomy":"product_cat","embeddable":true,"href":"https:\/\/innocentiemangonipiante.it\/es\/wp-json\/wp\/v2\/product_cat?post=16629"},{"taxonomy":"product_tag","embeddable":true,"href":"https:\/\/innocentiemangonipiante.it\/es\/wp-json\/wp\/v2\/product_tag?post=16629"}],"curies":[{"name":"wp","href":"https:\/\/api.w.org\/{rel}","templated":true}]}}