{"id":16635,"date":"2023-11-04T02:35:58","date_gmt":"2023-11-04T01:35:58","guid":{"rendered":"http:\/\/innocentiemangonipiante.it\/prunus-x-hillieri-spire\/"},"modified":"2023-11-09T10:04:52","modified_gmt":"2023-11-09T09:04:52","slug":"prunus-x-hillieri-spire","status":"publish","type":"product","link":"https:\/\/innocentiemangonipiante.it\/es\/prunus-x-hillieri-spire\/","title":{"rendered":"PRUNUS x hillieri &#8216;Spire&#8217;"},"content":{"rendered":"<p>Uno de los m\u00e1s peque\u00f1os y atractivos \u00e1rboles de alineaci\u00f3n, \u00f3ptimo tambi\u00e9n para parques y jardines, gracias a su porte estrecho y el perfume de sus flores rosas. Ideal para espacios limitados.<\/p>\n","protected":false},"excerpt":{"rendered":"<p>Uno de los m\u00e1s peque\u00f1os y atractivos \u00e1rboles de alineaci\u00f3n, \u00f3ptimo tambi\u00e9n para parques y jardines, gracias a su porte estrecho y el perfume de sus flores rosas. Ideal para espacios limitados.<\/p>\n","protected":false},"featured_media":24091,"template":"","meta":{"_acf_changed":false},"product_brand":[],"product_cat":[8814],"product_tag":[10899,8402],"class_list":{"0":"post-16635","1":"product","2":"type-product","3":"status-publish","4":"has-post-thumbnail","6":"product_cat-arboles-y-arbustos-de-hoja-caduca","7":"product_tag-natural-es","8":"product_tag-tallo-alto","9":"pa_altezza-massima-800-es","10":"pa_altezza-massima-1000-es-2","11":"pa_colore-fioritura-rosado","12":"pa_condizionamento-placa","13":"pa_famiglia-rosaceae-es","14":"pa_genere-prunus-es","15":"pa_origine-inglaterra","16":"pa_periodo-fioritura-abril","17":"pa_portamento-conico-es","18":"pa_profumo-delicato-es","19":"pa_resistenza-climatica-media-elevada","20":"pa_utilizzo-avenidas","21":"pa_utilizzo-parques","22":"pa_utilizzo-pequenos-jardines","24":"first","25":"instock","26":"purchasable","27":"product-type-simple"},"acf":[],"_links":{"self":[{"href":"https:\/\/innocentiemangonipiante.it\/es\/wp-json\/wp\/v2\/product\/16635","targetHints":{"allow":["GET"]}}],"collection":[{"href":"https:\/\/innocentiemangonipiante.it\/es\/wp-json\/wp\/v2\/product"}],"about":[{"href":"https:\/\/innocentiemangonipiante.it\/es\/wp-json\/wp\/v2\/types\/product"}],"wp:featuredmedia":[{"embeddable":true,"href":"https:\/\/innocentiemangonipiante.it\/es\/wp-json\/wp\/v2\/media\/24091"}],"wp:attachment":[{"href":"https:\/\/innocentiemangonipiante.it\/es\/wp-json\/wp\/v2\/media?parent=16635"}],"wp:term":[{"taxonomy":"product_brand","embeddable":true,"href":"https:\/\/innocentiemangonipiante.it\/es\/wp-json\/wp\/v2\/product_brand?post=16635"},{"taxonomy":"product_cat","embeddable":true,"href":"https:\/\/innocentiemangonipiante.it\/es\/wp-json\/wp\/v2\/product_cat?post=16635"},{"taxonomy":"product_tag","embeddable":true,"href":"https:\/\/innocentiemangonipiante.it\/es\/wp-json\/wp\/v2\/product_tag?post=16635"}],"curies":[{"name":"wp","href":"https:\/\/api.w.org\/{rel}","templated":true}]}}