{"id":16636,"date":"2023-11-04T02:30:57","date_gmt":"2023-11-04T01:30:57","guid":{"rendered":"http:\/\/innocentiemangonipiante.it\/prunus-fruticosa-globosa\/"},"modified":"2023-11-09T10:00:47","modified_gmt":"2023-11-09T09:00:47","slug":"prunus-fruticosa-globosa","status":"publish","type":"product","link":"https:\/\/innocentiemangonipiante.it\/es\/prunus-fruticosa-globosa\/","title":{"rendered":"PRUNUS fruticosa &#8216;Globosa&#8217;"},"content":{"rendered":"<p>\u00c1rbol peque\u00f1o caduco de porte redondeado, denso y compacto. Las hojas son alternadas, generalmente el\u00edpticas, de 4 a 5 cm de largo de color verde oscuro. En abril-mayo produce grupitos de 2-4 flores de color blanco.<\/p>\n","protected":false},"excerpt":{"rendered":"<p>\u00c1rbol peque\u00f1o caduco de porte redondeado, denso y compacto. Las hojas son alternadas, generalmente el\u00edpticas, de 4 a 5 cm de largo de color verde oscuro. En abril-mayo produce grupitos de 2-4 flores de color blanco.<\/p>\n","protected":false},"featured_media":4874,"template":"","meta":{"_acf_changed":false},"product_brand":[],"product_cat":[8814],"product_tag":[10899,8402],"class_list":{"0":"post-16636","1":"product","2":"type-product","3":"status-publish","4":"has-post-thumbnail","6":"product_cat-arboles-y-arbustos-de-hoja-caduca","7":"product_tag-natural-es","8":"product_tag-tallo-alto","9":"pa_altezza-massima-300-es","10":"pa_altezza-massima-400-es","11":"pa_colore-fioritura-blanco","12":"pa_condizionamento-clt-es","13":"pa_condizionamento-placa","14":"pa_famiglia-rosaceae-es","15":"pa_genere-prunus-es","16":"pa_inquinamento-resistente-al-smog","17":"pa_origine-europa-oriental","18":"pa_periodo-fioritura-abril","19":"pa_periodo-fioritura-mayo","20":"pa_portamento-arrotondato-es","21":"pa_profumo-delicato-es","22":"pa_resistenza-climatica-muy-elevada","23":"pa_resistenza-del-suolo-resistente-a-los-suelos-calcareos","24":"pa_resistenza-del-suolo-resistente-a-los-suelos-secos","25":"pa_utilizzo-avenidas","26":"pa_utilizzo-pequenos-jardines","28":"first","29":"instock","30":"purchasable","31":"product-type-simple"},"acf":[],"_links":{"self":[{"href":"https:\/\/innocentiemangonipiante.it\/es\/wp-json\/wp\/v2\/product\/16636","targetHints":{"allow":["GET"]}}],"collection":[{"href":"https:\/\/innocentiemangonipiante.it\/es\/wp-json\/wp\/v2\/product"}],"about":[{"href":"https:\/\/innocentiemangonipiante.it\/es\/wp-json\/wp\/v2\/types\/product"}],"wp:featuredmedia":[{"embeddable":true,"href":"https:\/\/innocentiemangonipiante.it\/es\/wp-json\/wp\/v2\/media\/4874"}],"wp:attachment":[{"href":"https:\/\/innocentiemangonipiante.it\/es\/wp-json\/wp\/v2\/media?parent=16636"}],"wp:term":[{"taxonomy":"product_brand","embeddable":true,"href":"https:\/\/innocentiemangonipiante.it\/es\/wp-json\/wp\/v2\/product_brand?post=16636"},{"taxonomy":"product_cat","embeddable":true,"href":"https:\/\/innocentiemangonipiante.it\/es\/wp-json\/wp\/v2\/product_cat?post=16636"},{"taxonomy":"product_tag","embeddable":true,"href":"https:\/\/innocentiemangonipiante.it\/es\/wp-json\/wp\/v2\/product_tag?post=16636"}],"curies":[{"name":"wp","href":"https:\/\/api.w.org\/{rel}","templated":true}]}}