{"id":16638,"date":"2023-11-04T02:30:42","date_gmt":"2023-11-04T01:30:42","guid":{"rendered":"http:\/\/innocentiemangonipiante.it\/prunus-cerasifera-nigra\/"},"modified":"2023-11-09T10:00:32","modified_gmt":"2023-11-09T09:00:32","slug":"prunus-cerasifera-nigra","status":"publish","type":"product","link":"https:\/\/innocentiemangonipiante.it\/es\/prunus-cerasifera-nigra\/","title":{"rendered":"PRUNUS cerasifera &#8216;Nigra&#8217;"},"content":{"rendered":"<p>Arbusto o \u00e1rbol peque\u00f1o caduco de porte, primero c\u00f3nico y erguido, luego irregularmente redondeado. Las hojas alternadas, el\u00edpticas-ovoides, son de color marr\u00f3n-rojo-p\u00farpura oscuro. Produce flores de color rosa luminoso, de 2 cm de di\u00e1metro, poco antes de la emisi\u00f3n de las hojas. Suporta bien la sequ\u00eda y se adapta bien en ambiente urbano y todas otras situaciones.<\/p>\n","protected":false},"excerpt":{"rendered":"<p>Arbusto o \u00e1rbol peque\u00f1o caduco de porte, primero c\u00f3nico y erguido, luego irregularmente redondeado. Las hojas alternadas, el\u00edpticas-ovoides, son de color marr\u00f3n-rojo-p\u00farpura oscuro. Produce flores de color rosa luminoso, de 2 cm de di\u00e1metro, poco antes de la emisi\u00f3n de las hojas. Suporta bien la sequ\u00eda y se adapta bien en ambiente urbano y todas [&hellip;]<\/p>\n","protected":false},"featured_media":4862,"template":"","meta":{"_acf_changed":false},"product_brand":[],"product_cat":[8814,9232],"product_tag":[10899,8566,8402],"class_list":{"0":"post-16638","1":"product","2":"type-product","3":"status-publish","4":"has-post-thumbnail","6":"product_cat-arboles-y-arbustos-de-hoja-caduca","7":"product_cat-arboles-y-plantas-del-futuro","8":"product_tag-natural-es","9":"product_tag-medio-tallo","10":"product_tag-tallo-alto","11":"pa_altezza-massima-800-es","12":"pa_altezza-massima-1000-es-2","13":"pa_colore-delle-foglie-rojas","14":"pa_colore-fioritura-rosado","15":"pa_condizionamento-clt-es","16":"pa_condizionamento-placa","17":"pa_famiglia-rosaceae-es","18":"pa_genere-prunus-es","19":"pa_inquinamento-resistente-al-smog","20":"pa_origine-asia-es","21":"pa_periodo-fioritura-abril","22":"pa_portamento-arrotondato-es","23":"pa_profumo-delicato-es","24":"pa_resistenza-climatica-muy-elevada","25":"pa_resistenza-del-suolo-resistente-a-los-suelos-calcareos","26":"pa_resistenza-del-suolo-resistente-a-los-suelos-secos","27":"pa_utilizzo-avenidas","28":"pa_utilizzo-pequenos-jardines","30":"first","31":"instock","32":"purchasable","33":"product-type-simple"},"acf":[],"_links":{"self":[{"href":"https:\/\/innocentiemangonipiante.it\/es\/wp-json\/wp\/v2\/product\/16638","targetHints":{"allow":["GET"]}}],"collection":[{"href":"https:\/\/innocentiemangonipiante.it\/es\/wp-json\/wp\/v2\/product"}],"about":[{"href":"https:\/\/innocentiemangonipiante.it\/es\/wp-json\/wp\/v2\/types\/product"}],"wp:featuredmedia":[{"embeddable":true,"href":"https:\/\/innocentiemangonipiante.it\/es\/wp-json\/wp\/v2\/media\/4862"}],"wp:attachment":[{"href":"https:\/\/innocentiemangonipiante.it\/es\/wp-json\/wp\/v2\/media?parent=16638"}],"wp:term":[{"taxonomy":"product_brand","embeddable":true,"href":"https:\/\/innocentiemangonipiante.it\/es\/wp-json\/wp\/v2\/product_brand?post=16638"},{"taxonomy":"product_cat","embeddable":true,"href":"https:\/\/innocentiemangonipiante.it\/es\/wp-json\/wp\/v2\/product_cat?post=16638"},{"taxonomy":"product_tag","embeddable":true,"href":"https:\/\/innocentiemangonipiante.it\/es\/wp-json\/wp\/v2\/product_tag?post=16638"}],"curies":[{"name":"wp","href":"https:\/\/api.w.org\/{rel}","templated":true}]}}